{"id":32,"date":"2015-10-26T08:11:25","date_gmt":"2015-10-26T07:11:25","guid":{"rendered":"https:\/\/www-vial.wp2.hcweb.dev\/?page_id=32"},"modified":"2024-01-25T13:18:48","modified_gmt":"2024-01-25T12:18:48","slug":"privacy","status":"publish","type":"page","link":"https:\/\/www-vial.wp2.hcweb.dev\/en\/personvern\/","title":{"rendered":"Privacy policy"},"content":{"rendered":"<div class=\"privacy-contact-split\">\r\n<div style=\"display: inline-block; width: 49%; vertical-align: top;\"><strong>Vial AS<\/strong>\r\nAuglendsmyr\u00e5 17B\r\n4016 Stavanger, Norway\r\nOrg.no. 898 241 882<\/div>\r\n<div style=\"display: inline-block; width: 49%; vertical-align: top;\"><strong>Contact information<\/strong>\r\nTelephone <a href=\"tel:\/\/99423100\">99 42 31 00<\/a>\r\n<a href=\"mailto:vial@vial.no\">vial@vial.no<\/a><\/div>\r\n<\/div>\r\n<!-- \/wp:post-content -->\r\n<h2>Information we collect<\/h2>\r\n<!-- \/wp:heading -->\r\n\r\n<!-- wp:paragraph -->\r\n\r\nWhen visiting the website, our web provider may collect information that is necessary to provide a stable service.\r\n\r\n<!-- \/wp:paragraph -->\r\n\r\n<!-- wp:paragraph -->\r\n\r\nYou can read more about this in <a href=\"https:\/\/www.hjelseth.com\/personvern\/\">Hjelseth Computers' privacy policy<\/a>.\r\n\r\n<!-- \/wp:paragraph -->\r\n\r\n<!-- wp:heading -->\r\n<h2>Cookies (cookies)<\/h2>\r\n<!-- \/wp:heading -->\r\n\r\n<!-- wp:heading -->\r\n<h3>How we use cookies<\/h3>\r\n<!-- \/wp:heading -->\r\n\r\n<!-- wp:paragraph -->\r\n\r\nWe use cookies to provide you with better services. Some cookies are essential for the functionality of the website, while others are used to improve performance and user experience.\r\n\r\n<!-- \/wp:paragraph -->\r\n\r\n<!-- wp:paragraph -->\r\n\r\nFunctional cookies are used to:\r\n- remember your login details\r\n- ensure security when you are logged in\r\n- ensure that the web pages look consistent\r\n\r\n<!-- \/wp:paragraph -->\r\n\r\n<!-- wp:paragraph -->\r\n\r\nPerformance cookies are used to:\r\n- improve website performance by making pages load faster\r\n- improve the user experience\r\n\r\n<!-- \/wp:paragraph -->\r\n\r\n<!-- wp:paragraph -->\r\n\r\nTargeting cookies are used to:\r\n- allow you to share and like content\r\n- send information to other websites to customise their advertising\r\n\r\n<!-- \/wp:paragraph -->\r\n\r\n<!-- wp:heading -->\r\n<h3>Examples of use<\/h3>\r\n<!-- \/wp:heading -->\r\n\r\n<!-- wp:paragraph -->\r\n\r\nCookies are used to provide you with better services, for example by:\r\n- enabling a service that recognises your device so that you do not have to enter the same information multiple times\r\n- remembering that you have already entered your username and password when you are logged in to the pages, so you do not have to do it again for each page\r\n- measure how many people use the services so we can make them easier and faster\r\n- analyse data to help us understand how you use online services so that we can improve them\r\n\r\n<!-- \/wp:paragraph -->\r\n\r\n<!-- wp:paragraph -->\r\n\r\nIf you do not allow us to use cookies, certain functions and the website will not work properly.\r\nIf you want to delete cookies that are already stored on your computer, please follow the instructions for your browser by clicking on Help in the menu.\r\n\r\n<!-- \/wp:paragraph -->\r\n\r\n<!-- wp:paragraph -->\r\n\r\nYou can read more about cookies and how to use them at <a href=\"http:\/\/www.aboutcookies.org\/\">www.aboutcookies.org<\/a> or by clicking Help in your browser.\r\n\r\n<!-- \/wp:paragraph -->\r\n\r\n<!-- wp:heading -->\r\n<h2>Statistics<\/h2>\r\n<!-- \/wp:heading -->\r\n\r\n<!-- wp:paragraph -->\r\n\r\nWe use Google Analytics to measure the number of visitors, which pages are most popular, the duration of visits and other related information.\r\n\r\n<!-- \/wp:paragraph -->\r\n\r\n<!-- wp:paragraph -->\r\n\r\nThis information is anonymised as far as possible via Google Analytics' tools, and it is only used to provide an overall impression; we do not identify individuals through the collection of statistics.\r\n\r\n<!-- \/wp:paragraph -->\r\n\r\n<!-- wp:paragraph -->\r\n\r\nRead more in <a href=\"https:\/\/policies.google.com\/privacy\">Google's privacy policy<\/a>.\r\n\r\n<!-- \/wp:paragraph -->\r\n\r\n<!-- wp:heading -->\r\n<h2>Third-party tools<\/h2>\r\n<!-- \/wp:heading -->\r\n\r\n<!-- wp:heading -->\r\n<h3>Texts<\/h3>\r\n<!-- \/wp:heading -->\r\n\r\n<!-- wp:paragraph -->\r\n\r\nThe website utilises text types made available via <a href=\"https:\/\/fonts.google.com\">Google Fonts<\/a>. To the best of our knowledge, no information about the website visitor is collected when loading such text types.\r\n\r\n<!-- \/wp:paragraph -->\r\n\r\n<!-- wp:heading -->\r\n<h3>Third-party content<\/h3>\r\n<!-- \/wp:heading -->\r\n\r\n<!-- wp:paragraph -->\r\n\r\nWe sometimes include video clips, images or content from other third-party websites. Such content treats the visitor as if they were on the included content's own website and it may therefore occur that cookies are stored or statistics are collected by these third parties.\r\n\r\n<!-- \/wp:paragraph -->\r\n<h2>General<\/h2>\r\n<!-- \/wp:heading -->\r\n\r\n<!-- wp:heading -->\r\n<h3>Contact form<\/h3>\r\n<!-- \/wp:heading -->\r\n\r\n<!-- wp:paragraph -->\r\n\r\nOn our website, you can also contact us via a contact form, in which case we ask for the name and contact details of a contact person.\r\nThe personal data we receive in connection with your enquiry will not be used for any other purpose than to contact you.\r\n\r\n<!-- \/wp:paragraph -->","protected":false},"excerpt":{"rendered":"<p>Vial AS Auglendsmyr\u00e5 17B 4016 Stavanger Org.nr. 898 241 882 Contact information Telephone 99 42 31 00 vial@vial.no Information we collect When you visit the website, our web provider may collect information that is necessary to provide a stable service. You can read more about this in Hjelseth Computers' privacy policy. Cookies How we use cookies...<\/p>","protected":false},"author":1,"featured_media":0,"parent":0,"menu_order":0,"comment_status":"closed","ping_status":"closed","template":"","meta":{"_acf_changed":false,"inline_featured_image":false,"footnotes":""},"class_list":["post-32","page","type-page","status-publish","hentry"],"acf":[],"yoast_head":"<!-- This site is optimized with the Yoast SEO plugin v27.3 - https:\/\/yoast.com\/product\/yoast-seo-wordpress\/ -->\n<title>Personvern - Vial<\/title>\n<meta name=\"robots\" content=\"noindex, follow, max-snippet:-1, max-image-preview:large, max-video-preview:-1\" \/>\n<meta property=\"og:locale\" content=\"en_GB\" \/>\n<meta property=\"og:type\" content=\"article\" \/>\n<meta property=\"og:title\" content=\"Personvern - Vial\" \/>\n<meta property=\"og:description\" content=\"Vial AS Auglendsmyr\u00e5 17B 4016 Stavanger Org.nr. 898 241 882 Kontaktinformasjon Telefon 99 42 31 00 vial@vial.no Informasjon vi innhenter Ved bes\u00f8k p\u00e5 nettsiden vil v\u00e5r nettleverand\u00f8r kunne innhente informasjon som er n\u00f8dvendig for \u00e5 levere en stabil tjeneste. Det kan leses mer om dette i personvernerkl\u00e6ringen til Hjelseth Computers. Informasjonskapsler (cookies) Hvordan vi bruker&hellip;\" \/>\n<meta property=\"og:url\" content=\"https:\/\/www-vial.wp2.hcweb.dev\/en\/privacy\/\" \/>\n<meta property=\"og:site_name\" content=\"Vial\" \/>\n<meta property=\"article:publisher\" content=\"https:\/\/www.facebook.com\/vialvial\/\" \/>\n<meta property=\"article:modified_time\" content=\"2024-01-25T12:18:48+00:00\" \/>\n<meta property=\"og:image\" content=\"https:\/\/www-vial.wp2.hcweb.dev\/wp-content\/uploads\/2022\/03\/DJI_0116-scaled.jpg\" \/>\n\t<meta property=\"og:image:width\" content=\"2560\" \/>\n\t<meta property=\"og:image:height\" content=\"1920\" \/>\n\t<meta property=\"og:image:type\" content=\"image\/jpeg\" \/>\n<meta name=\"twitter:card\" content=\"summary_large_image\" \/>\n<meta name=\"twitter:label1\" content=\"Estimated reading time\" \/>\n\t<meta name=\"twitter:data1\" content=\"2 minutes\" \/>\n<script type=\"application\/ld+json\" class=\"yoast-schema-graph\">{\"@context\":\"https:\\\/\\\/schema.org\",\"@graph\":[{\"@type\":\"WebPage\",\"@id\":\"https:\\\/\\\/www-vial.wp2.hcweb.dev\\\/personvern\\\/\",\"url\":\"https:\\\/\\\/www-vial.wp2.hcweb.dev\\\/personvern\\\/\",\"name\":\"Personvern - Vial\",\"isPartOf\":{\"@id\":\"https:\\\/\\\/www-vial.wp2.hcweb.dev\\\/#website\"},\"datePublished\":\"2015-10-26T07:11:25+00:00\",\"dateModified\":\"2024-01-25T12:18:48+00:00\",\"breadcrumb\":{\"@id\":\"https:\\\/\\\/www-vial.wp2.hcweb.dev\\\/personvern\\\/#breadcrumb\"},\"inLanguage\":\"en-GB\",\"potentialAction\":[{\"@type\":\"ReadAction\",\"target\":[\"https:\\\/\\\/www-vial.wp2.hcweb.dev\\\/personvern\\\/\"]}]},{\"@type\":\"BreadcrumbList\",\"@id\":\"https:\\\/\\\/www-vial.wp2.hcweb.dev\\\/personvern\\\/#breadcrumb\",\"itemListElement\":[{\"@type\":\"ListItem\",\"position\":1,\"name\":\"Hjem\",\"item\":\"https:\\\/\\\/www-vial.wp2.hcweb.dev\\\/\"},{\"@type\":\"ListItem\",\"position\":2,\"name\":\"Personvern\"}]},{\"@type\":\"WebSite\",\"@id\":\"https:\\\/\\\/www-vial.wp2.hcweb.dev\\\/#website\",\"url\":\"https:\\\/\\\/www-vial.wp2.hcweb.dev\\\/\",\"name\":\"Vial\",\"description\":\"Planlegging av infrastruktur og byggeteknikk\",\"publisher\":{\"@id\":\"https:\\\/\\\/www-vial.wp2.hcweb.dev\\\/#organization\"},\"potentialAction\":[{\"@type\":\"SearchAction\",\"target\":{\"@type\":\"EntryPoint\",\"urlTemplate\":\"https:\\\/\\\/www-vial.wp2.hcweb.dev\\\/?s={search_term_string}\"},\"query-input\":{\"@type\":\"PropertyValueSpecification\",\"valueRequired\":true,\"valueName\":\"search_term_string\"}}],\"inLanguage\":\"en-GB\"},{\"@type\":\"Organization\",\"@id\":\"https:\\\/\\\/www-vial.wp2.hcweb.dev\\\/#organization\",\"name\":\"Vial AS\",\"alternateName\":\"Vial\",\"url\":\"https:\\\/\\\/www-vial.wp2.hcweb.dev\\\/\",\"logo\":{\"@type\":\"ImageObject\",\"inLanguage\":\"en-GB\",\"@id\":\"https:\\\/\\\/www-vial.wp2.hcweb.dev\\\/#\\\/schema\\\/logo\\\/image\\\/\",\"url\":\"https:\\\/\\\/www-vial.wp2.hcweb.dev\\\/wp-content\\\/uploads\\\/2024\\\/01\\\/vial-logo-roed.svg\",\"contentUrl\":\"https:\\\/\\\/www-vial.wp2.hcweb.dev\\\/wp-content\\\/uploads\\\/2024\\\/01\\\/vial-logo-roed.svg\",\"width\":142,\"height\":77,\"caption\":\"Vial AS\"},\"image\":{\"@id\":\"https:\\\/\\\/www-vial.wp2.hcweb.dev\\\/#\\\/schema\\\/logo\\\/image\\\/\"},\"sameAs\":[\"https:\\\/\\\/www.facebook.com\\\/vialvial\\\/\"]}]}<\/script>\n<!-- \/ Yoast SEO plugin. -->","yoast_head_json":{"title":"Privacy policy - Vial","robots":{"index":"noindex","follow":"follow","max-snippet":"max-snippet:-1","max-image-preview":"max-image-preview:large","max-video-preview":"max-video-preview:-1"},"og_locale":"en_GB","og_type":"article","og_title":"Personvern - Vial","og_description":"Vial AS Auglendsmyr\u00e5 17B 4016 Stavanger Org.nr. 898 241 882 Kontaktinformasjon Telefon 99 42 31 00 vial@vial.no Informasjon vi innhenter Ved bes\u00f8k p\u00e5 nettsiden vil v\u00e5r nettleverand\u00f8r kunne innhente informasjon som er n\u00f8dvendig for \u00e5 levere en stabil tjeneste. Det kan leses mer om dette i personvernerkl\u00e6ringen til Hjelseth Computers. Informasjonskapsler (cookies) Hvordan vi bruker&hellip;","og_url":"https:\/\/www-vial.wp2.hcweb.dev\/en\/privacy\/","og_site_name":"Vial","article_publisher":"https:\/\/www.facebook.com\/vialvial\/","article_modified_time":"2024-01-25T12:18:48+00:00","og_image":[{"width":2560,"height":1920,"url":"https:\/\/www-vial.wp2.hcweb.dev\/wp-content\/uploads\/2022\/03\/DJI_0116-scaled.jpg","type":"image\/jpeg"}],"twitter_card":"summary_large_image","twitter_misc":{"Estimated reading time":"2 minutes"},"schema":{"@context":"https:\/\/schema.org","@graph":[{"@type":"WebPage","@id":"https:\/\/www-vial.wp2.hcweb.dev\/personvern\/","url":"https:\/\/www-vial.wp2.hcweb.dev\/personvern\/","name":"Privacy policy - Vial","isPartOf":{"@id":"https:\/\/www-vial.wp2.hcweb.dev\/#website"},"datePublished":"2015-10-26T07:11:25+00:00","dateModified":"2024-01-25T12:18:48+00:00","breadcrumb":{"@id":"https:\/\/www-vial.wp2.hcweb.dev\/personvern\/#breadcrumb"},"inLanguage":"en-GB","potentialAction":[{"@type":"ReadAction","target":["https:\/\/www-vial.wp2.hcweb.dev\/personvern\/"]}]},{"@type":"BreadcrumbList","@id":"https:\/\/www-vial.wp2.hcweb.dev\/personvern\/#breadcrumb","itemListElement":[{"@type":"ListItem","position":1,"name":"Hjem","item":"https:\/\/www-vial.wp2.hcweb.dev\/"},{"@type":"ListItem","position":2,"name":"Personvern"}]},{"@type":"WebSite","@id":"https:\/\/www-vial.wp2.hcweb.dev\/#website","url":"https:\/\/www-vial.wp2.hcweb.dev\/","name":"Vial","description":"Planning of infrastructure and building technology","publisher":{"@id":"https:\/\/www-vial.wp2.hcweb.dev\/#organization"},"potentialAction":[{"@type":"SearchAction","target":{"@type":"EntryPoint","urlTemplate":"https:\/\/www-vial.wp2.hcweb.dev\/?s={search_term_string}"},"query-input":{"@type":"PropertyValueSpecification","valueRequired":true,"valueName":"search_term_string"}}],"inLanguage":"en-GB"},{"@type":"Organization","@id":"https:\/\/www-vial.wp2.hcweb.dev\/#organization","name":"Vial AS","alternateName":"Vial","url":"https:\/\/www-vial.wp2.hcweb.dev\/","logo":{"@type":"ImageObject","inLanguage":"en-GB","@id":"https:\/\/www-vial.wp2.hcweb.dev\/#\/schema\/logo\/image\/","url":"https:\/\/www-vial.wp2.hcweb.dev\/wp-content\/uploads\/2024\/01\/vial-logo-roed.svg","contentUrl":"https:\/\/www-vial.wp2.hcweb.dev\/wp-content\/uploads\/2024\/01\/vial-logo-roed.svg","width":142,"height":77,"caption":"Vial AS"},"image":{"@id":"https:\/\/www-vial.wp2.hcweb.dev\/#\/schema\/logo\/image\/"},"sameAs":["https:\/\/www.facebook.com\/vialvial\/"]}]}},"_links":{"self":[{"href":"https:\/\/www-vial.wp2.hcweb.dev\/en\/wp-json\/wp\/v2\/pages\/32","targetHints":{"allow":["GET"]}}],"collection":[{"href":"https:\/\/www-vial.wp2.hcweb.dev\/en\/wp-json\/wp\/v2\/pages"}],"about":[{"href":"https:\/\/www-vial.wp2.hcweb.dev\/en\/wp-json\/wp\/v2\/types\/page"}],"author":[{"embeddable":true,"href":"https:\/\/www-vial.wp2.hcweb.dev\/en\/wp-json\/wp\/v2\/users\/1"}],"replies":[{"embeddable":true,"href":"https:\/\/www-vial.wp2.hcweb.dev\/en\/wp-json\/wp\/v2\/comments?post=32"}],"version-history":[{"count":6,"href":"https:\/\/www-vial.wp2.hcweb.dev\/en\/wp-json\/wp\/v2\/pages\/32\/revisions"}],"predecessor-version":[{"id":1293,"href":"https:\/\/www-vial.wp2.hcweb.dev\/en\/wp-json\/wp\/v2\/pages\/32\/revisions\/1293"}],"wp:attachment":[{"href":"https:\/\/www-vial.wp2.hcweb.dev\/en\/wp-json\/wp\/v2\/media?parent=32"}],"curies":[{"name":"wp","href":"https:\/\/api.w.org\/{rel}","templated":true}]}}