{"id":23,"date":"2021-11-11T11:17:49","date_gmt":"2021-11-11T10:17:49","guid":{"rendered":"https:\/\/www-vial.wp2.hcweb.dev\/?page_id=23"},"modified":"2026-02-04T14:51:07","modified_gmt":"2026-02-04T13:51:07","slug":"contact-us","status":"publish","type":"page","link":"https:\/\/www-vial.wp2.hcweb.dev\/en\/kontakt-oss\/","title":{"rendered":"Contact us"},"content":{"rendered":"<h1>\n\t\t\tContact us\t<\/h1>\n\t\t\t\t\t\t\t<img decoding=\"async\" src=\"https:\/\/www-vial.wp2.hcweb.dev\/wp-content\/uploads\/2021\/11\/tlf-ikon.png\" alt=\"99 42 31 00\" \/>\n\t\t\n\t\t\t\t\t\t\t<a\n\t\t\t\t\thref=\"tel:99423100\"\n\t\t\t\t\ttarget=\"_self\">\n\t\t\t99 42 31 00\n\t\t\t\t\t\t\t<\/a>\n\t\t\n\t\t\t\t\t\t\t<img decoding=\"async\" src=\"https:\/\/www-vial.wp2.hcweb.dev\/wp-content\/uploads\/2024\/02\/ikon-mail.png\" alt=\"vial@vial.no\" \/>\n\t\t\n\t\t\t\t\t\t\t<a\n\t\t\t\t\thref=\"mailto:vial@vial.no\"\n\t\t\t\t\ttarget=\"_self\">\n\t\t\tvial@vial.no\n\t\t\t\t\t\t\t<\/a>\n\t\t\n\t<strong>Vial AS<\/strong><br \/>\nAuglendsmyr\u00e5 17B<br \/>\n4016 Stavanger, Norway\n<p>Orgnr. 898241882<\/p>\n<strong>General manager<br \/>\n<\/strong>Rune Jonassen<br \/>\n474 81 628<br \/>\n<a href=\"mailto:rj@vial.no\">rj@vial.no<\/a>\n\t<p>Zoning plan<\/p>\nKristin Ye-Eun Yoon<br \/>\n938 61 461\n<p><a href=\"mailto:ky@vial.no\">ky@vial.no<\/a><\/p>\n<br \/>\nInfrastructure\/Market\n<p>\u00d8rjahn Hjelm Andersen<\/p>\n<p>974 88 108<\/p>\n<p><a href=\"mailto:oha@vial.no\">oha@vial.no<\/a><\/p>\n<br \/>\nWater and Sewerage<br \/>\nSivert Alf Sivertsen<br \/>\n488 97 353<br \/>\n<a href=\"mailto:sas@vial.no\">sas@vial.no<\/a><br \/>\n\n<br \/>\nBuilding technology\nThomas T\u00f8nnessen<br \/>\n975 30 314\n<p><a href=\"mailto:tt@vial.no\">tt@vial.no<\/a><\/p>","protected":false},"excerpt":{"rendered":"<p>Contact 99 42 31 00 vial@vial.no Vial AS Auglendsmyr\u00e5 17B 4016 Stavanger Company registration number 898241882 General Manager Rune Jonassen 474 81 628 rj@vial.no Area plan Kristin Ye-Eun Yoon 938 61 461 ky@vial.no Infrastructure\/Market \u00d8rjahn Hjelm Andersen 974 88 108 oha@vial.no Water and Sewerage Sivert Alf Sivertsen 488 97 353 sas@vial.no Building technology Thomas T\u00f8nnessen 975 30 314 tt@vial.no<\/p>","protected":false},"author":1,"featured_media":957,"parent":0,"menu_order":0,"comment_status":"closed","ping_status":"closed","template":"","meta":{"_acf_changed":false,"inline_featured_image":false,"footnotes":""},"class_list":["post-23","page","type-page","status-publish","has-post-thumbnail","hentry"],"acf":[],"yoast_head":"<!-- This site is optimized with the Yoast SEO plugin v27.3 - https:\/\/yoast.com\/product\/yoast-seo-wordpress\/ -->\n<title>Kontakt - Vial<\/title>\n<meta name=\"robots\" content=\"noindex, follow, max-snippet:-1, max-image-preview:large, max-video-preview:-1\" \/>\n<meta property=\"og:locale\" content=\"en_GB\" \/>\n<meta property=\"og:type\" content=\"article\" \/>\n<meta property=\"og:title\" content=\"Kontakt - Vial\" \/>\n<meta property=\"og:description\" content=\"Kontakt 99 42 31 00 vial@vial.no Vial AS Auglendsmyr\u00e5 17B 4016 Stavanger Orgnr. 898241882 Daglig leder Rune Jonassen 474 81 628 rj@vial.no Arealplan Kristin Ye-Eun Yoon 938 61 461 ky@vial.no Infrastruktur\/Marked \u00d8rjahn Hjelm Andersen 974 88 108 oha@vial.no Vann og Avl\u00f8p Sivert Alf Sivertsen 488 97 353 sas@vial.no Byggeteknikk Thomas T\u00f8nnessen 975 30 314 tt@vial.no\" \/>\n<meta property=\"og:url\" content=\"https:\/\/www-vial.wp2.hcweb.dev\/en\/contact-us\/\" \/>\n<meta property=\"og:site_name\" content=\"Vial\" \/>\n<meta property=\"article:publisher\" content=\"https:\/\/www.facebook.com\/vialvial\/\" \/>\n<meta property=\"article:modified_time\" content=\"2026-02-04T13:51:07+00:00\" \/>\n<meta property=\"og:image\" content=\"https:\/\/www-vial.wp2.hcweb.dev\/wp-content\/uploads\/2021\/11\/705_DJI_0113_klippet3-scaled.jpg\" \/>\n\t<meta property=\"og:image:width\" content=\"2560\" \/>\n\t<meta property=\"og:image:height\" content=\"1028\" \/>\n\t<meta property=\"og:image:type\" content=\"image\/jpeg\" \/>\n<meta name=\"twitter:card\" content=\"summary_large_image\" \/>\n<meta name=\"twitter:label1\" content=\"Estimated reading time\" \/>\n\t<meta name=\"twitter:data1\" content=\"1 minute\" \/>\n<script type=\"application\/ld+json\" class=\"yoast-schema-graph\">{\"@context\":\"https:\\\/\\\/schema.org\",\"@graph\":[{\"@type\":\"WebPage\",\"@id\":\"https:\\\/\\\/www-vial.wp2.hcweb.dev\\\/kontakt-oss\\\/\",\"url\":\"https:\\\/\\\/www-vial.wp2.hcweb.dev\\\/kontakt-oss\\\/\",\"name\":\"Kontakt - Vial\",\"isPartOf\":{\"@id\":\"https:\\\/\\\/www-vial.wp2.hcweb.dev\\\/#website\"},\"primaryImageOfPage\":{\"@id\":\"https:\\\/\\\/www-vial.wp2.hcweb.dev\\\/kontakt-oss\\\/#primaryimage\"},\"image\":{\"@id\":\"https:\\\/\\\/www-vial.wp2.hcweb.dev\\\/kontakt-oss\\\/#primaryimage\"},\"thumbnailUrl\":\"https:\\\/\\\/www-vial.wp2.hcweb.dev\\\/wp-content\\\/uploads\\\/2021\\\/11\\\/705_DJI_0113_klippet3-scaled.jpg\",\"datePublished\":\"2021-11-11T10:17:49+00:00\",\"dateModified\":\"2026-02-04T13:51:07+00:00\",\"breadcrumb\":{\"@id\":\"https:\\\/\\\/www-vial.wp2.hcweb.dev\\\/kontakt-oss\\\/#breadcrumb\"},\"inLanguage\":\"en-GB\",\"potentialAction\":[{\"@type\":\"ReadAction\",\"target\":[\"https:\\\/\\\/www-vial.wp2.hcweb.dev\\\/kontakt-oss\\\/\"]}]},{\"@type\":\"ImageObject\",\"inLanguage\":\"en-GB\",\"@id\":\"https:\\\/\\\/www-vial.wp2.hcweb.dev\\\/kontakt-oss\\\/#primaryimage\",\"url\":\"https:\\\/\\\/www-vial.wp2.hcweb.dev\\\/wp-content\\\/uploads\\\/2021\\\/11\\\/705_DJI_0113_klippet3-scaled.jpg\",\"contentUrl\":\"https:\\\/\\\/www-vial.wp2.hcweb.dev\\\/wp-content\\\/uploads\\\/2021\\\/11\\\/705_DJI_0113_klippet3-scaled.jpg\",\"width\":2560,\"height\":1028,\"caption\":\"default\"},{\"@type\":\"BreadcrumbList\",\"@id\":\"https:\\\/\\\/www-vial.wp2.hcweb.dev\\\/kontakt-oss\\\/#breadcrumb\",\"itemListElement\":[{\"@type\":\"ListItem\",\"position\":1,\"name\":\"Hjem\",\"item\":\"https:\\\/\\\/www-vial.wp2.hcweb.dev\\\/\"},{\"@type\":\"ListItem\",\"position\":2,\"name\":\"Kontakt\"}]},{\"@type\":\"WebSite\",\"@id\":\"https:\\\/\\\/www-vial.wp2.hcweb.dev\\\/#website\",\"url\":\"https:\\\/\\\/www-vial.wp2.hcweb.dev\\\/\",\"name\":\"Vial\",\"description\":\"Planlegging av infrastruktur og byggeteknikk\",\"publisher\":{\"@id\":\"https:\\\/\\\/www-vial.wp2.hcweb.dev\\\/#organization\"},\"potentialAction\":[{\"@type\":\"SearchAction\",\"target\":{\"@type\":\"EntryPoint\",\"urlTemplate\":\"https:\\\/\\\/www-vial.wp2.hcweb.dev\\\/?s={search_term_string}\"},\"query-input\":{\"@type\":\"PropertyValueSpecification\",\"valueRequired\":true,\"valueName\":\"search_term_string\"}}],\"inLanguage\":\"en-GB\"},{\"@type\":\"Organization\",\"@id\":\"https:\\\/\\\/www-vial.wp2.hcweb.dev\\\/#organization\",\"name\":\"Vial AS\",\"alternateName\":\"Vial\",\"url\":\"https:\\\/\\\/www-vial.wp2.hcweb.dev\\\/\",\"logo\":{\"@type\":\"ImageObject\",\"inLanguage\":\"en-GB\",\"@id\":\"https:\\\/\\\/www-vial.wp2.hcweb.dev\\\/#\\\/schema\\\/logo\\\/image\\\/\",\"url\":\"https:\\\/\\\/www-vial.wp2.hcweb.dev\\\/wp-content\\\/uploads\\\/2024\\\/01\\\/vial-logo-roed.svg\",\"contentUrl\":\"https:\\\/\\\/www-vial.wp2.hcweb.dev\\\/wp-content\\\/uploads\\\/2024\\\/01\\\/vial-logo-roed.svg\",\"width\":142,\"height\":77,\"caption\":\"Vial AS\"},\"image\":{\"@id\":\"https:\\\/\\\/www-vial.wp2.hcweb.dev\\\/#\\\/schema\\\/logo\\\/image\\\/\"},\"sameAs\":[\"https:\\\/\\\/www.facebook.com\\\/vialvial\\\/\"]}]}<\/script>\n<!-- \/ Yoast SEO plugin. -->","yoast_head_json":{"title":"Contact - Vial","robots":{"index":"noindex","follow":"follow","max-snippet":"max-snippet:-1","max-image-preview":"max-image-preview:large","max-video-preview":"max-video-preview:-1"},"og_locale":"en_GB","og_type":"article","og_title":"Kontakt - Vial","og_description":"Kontakt 99 42 31 00 vial@vial.no Vial AS Auglendsmyr\u00e5 17B 4016 Stavanger Orgnr. 898241882 Daglig leder Rune Jonassen 474 81 628 rj@vial.no Arealplan Kristin Ye-Eun Yoon 938 61 461 ky@vial.no Infrastruktur\/Marked \u00d8rjahn Hjelm Andersen 974 88 108 oha@vial.no Vann og Avl\u00f8p Sivert Alf Sivertsen 488 97 353 sas@vial.no Byggeteknikk Thomas T\u00f8nnessen 975 30 314 tt@vial.no","og_url":"https:\/\/www-vial.wp2.hcweb.dev\/en\/contact-us\/","og_site_name":"Vial","article_publisher":"https:\/\/www.facebook.com\/vialvial\/","article_modified_time":"2026-02-04T13:51:07+00:00","og_image":[{"width":2560,"height":1028,"url":"https:\/\/www-vial.wp2.hcweb.dev\/wp-content\/uploads\/2021\/11\/705_DJI_0113_klippet3-scaled.jpg","type":"image\/jpeg"}],"twitter_card":"summary_large_image","twitter_misc":{"Estimated reading time":"1 minute"},"schema":{"@context":"https:\/\/schema.org","@graph":[{"@type":"WebPage","@id":"https:\/\/www-vial.wp2.hcweb.dev\/kontakt-oss\/","url":"https:\/\/www-vial.wp2.hcweb.dev\/kontakt-oss\/","name":"Contact - Vial","isPartOf":{"@id":"https:\/\/www-vial.wp2.hcweb.dev\/#website"},"primaryImageOfPage":{"@id":"https:\/\/www-vial.wp2.hcweb.dev\/kontakt-oss\/#primaryimage"},"image":{"@id":"https:\/\/www-vial.wp2.hcweb.dev\/kontakt-oss\/#primaryimage"},"thumbnailUrl":"https:\/\/www-vial.wp2.hcweb.dev\/wp-content\/uploads\/2021\/11\/705_DJI_0113_klippet3-scaled.jpg","datePublished":"2021-11-11T10:17:49+00:00","dateModified":"2026-02-04T13:51:07+00:00","breadcrumb":{"@id":"https:\/\/www-vial.wp2.hcweb.dev\/kontakt-oss\/#breadcrumb"},"inLanguage":"en-GB","potentialAction":[{"@type":"ReadAction","target":["https:\/\/www-vial.wp2.hcweb.dev\/kontakt-oss\/"]}]},{"@type":"ImageObject","inLanguage":"en-GB","@id":"https:\/\/www-vial.wp2.hcweb.dev\/kontakt-oss\/#primaryimage","url":"https:\/\/www-vial.wp2.hcweb.dev\/wp-content\/uploads\/2021\/11\/705_DJI_0113_klippet3-scaled.jpg","contentUrl":"https:\/\/www-vial.wp2.hcweb.dev\/wp-content\/uploads\/2021\/11\/705_DJI_0113_klippet3-scaled.jpg","width":2560,"height":1028,"caption":"default"},{"@type":"BreadcrumbList","@id":"https:\/\/www-vial.wp2.hcweb.dev\/kontakt-oss\/#breadcrumb","itemListElement":[{"@type":"ListItem","position":1,"name":"Hjem","item":"https:\/\/www-vial.wp2.hcweb.dev\/"},{"@type":"ListItem","position":2,"name":"Kontakt"}]},{"@type":"WebSite","@id":"https:\/\/www-vial.wp2.hcweb.dev\/#website","url":"https:\/\/www-vial.wp2.hcweb.dev\/","name":"Vial","description":"Planning of infrastructure and building technology","publisher":{"@id":"https:\/\/www-vial.wp2.hcweb.dev\/#organization"},"potentialAction":[{"@type":"SearchAction","target":{"@type":"EntryPoint","urlTemplate":"https:\/\/www-vial.wp2.hcweb.dev\/?s={search_term_string}"},"query-input":{"@type":"PropertyValueSpecification","valueRequired":true,"valueName":"search_term_string"}}],"inLanguage":"en-GB"},{"@type":"Organization","@id":"https:\/\/www-vial.wp2.hcweb.dev\/#organization","name":"Vial AS","alternateName":"Vial","url":"https:\/\/www-vial.wp2.hcweb.dev\/","logo":{"@type":"ImageObject","inLanguage":"en-GB","@id":"https:\/\/www-vial.wp2.hcweb.dev\/#\/schema\/logo\/image\/","url":"https:\/\/www-vial.wp2.hcweb.dev\/wp-content\/uploads\/2024\/01\/vial-logo-roed.svg","contentUrl":"https:\/\/www-vial.wp2.hcweb.dev\/wp-content\/uploads\/2024\/01\/vial-logo-roed.svg","width":142,"height":77,"caption":"Vial AS"},"image":{"@id":"https:\/\/www-vial.wp2.hcweb.dev\/#\/schema\/logo\/image\/"},"sameAs":["https:\/\/www.facebook.com\/vialvial\/"]}]}},"_links":{"self":[{"href":"https:\/\/www-vial.wp2.hcweb.dev\/en\/wp-json\/wp\/v2\/pages\/23","targetHints":{"allow":["GET"]}}],"collection":[{"href":"https:\/\/www-vial.wp2.hcweb.dev\/en\/wp-json\/wp\/v2\/pages"}],"about":[{"href":"https:\/\/www-vial.wp2.hcweb.dev\/en\/wp-json\/wp\/v2\/types\/page"}],"author":[{"embeddable":true,"href":"https:\/\/www-vial.wp2.hcweb.dev\/en\/wp-json\/wp\/v2\/users\/1"}],"replies":[{"embeddable":true,"href":"https:\/\/www-vial.wp2.hcweb.dev\/en\/wp-json\/wp\/v2\/comments?post=23"}],"version-history":[{"count":11,"href":"https:\/\/www-vial.wp2.hcweb.dev\/en\/wp-json\/wp\/v2\/pages\/23\/revisions"}],"predecessor-version":[{"id":1970,"href":"https:\/\/www-vial.wp2.hcweb.dev\/en\/wp-json\/wp\/v2\/pages\/23\/revisions\/1970"}],"wp:featuredmedia":[{"embeddable":true,"href":"https:\/\/www-vial.wp2.hcweb.dev\/en\/wp-json\/wp\/v2\/media\/957"}],"wp:attachment":[{"href":"https:\/\/www-vial.wp2.hcweb.dev\/en\/wp-json\/wp\/v2\/media?parent=23"}],"curies":[{"name":"wp","href":"https:\/\/api.w.org\/{rel}","templated":true}]}}