{"id":15,"date":"2021-11-11T11:18:10","date_gmt":"2021-11-11T10:18:10","guid":{"rendered":"https:\/\/www-vial.wp2.hcweb.dev\/?page_id=15"},"modified":"2025-10-09T08:44:59","modified_gmt":"2025-10-09T06:44:59","slug":"about-us","status":"publish","type":"page","link":"https:\/\/www-vial.wp2.hcweb.dev\/en\/om-oss\/","title":{"rendered":"About us"},"content":{"rendered":"<p>We have extensive experience in the planning of transport and infrastructure as well as construction engineering design.<\/p>\n\t<p>We were established in 2012 and are located at \u00c5sen in Stavanger. Today, we are a company with 23 employees. Together, we consist of experienced and newly qualified engineers and civil engineers with interdisciplinary expertise in our fields.<\/p>\n\t\t\t\t<img decoding=\"async\" src=\"https:\/\/www-vial.wp2.hcweb.dev\/wp-content\/uploads\/2025\/10\/Collage2-scaled.jpg\" alt=\"Collage2\" itemprop=\"image\" height=\"1920\" width=\"2560\" title=\"Collage2\" onerror=\"this.style.display='none'\" loading=\"lazy\" \/>\n<h2>\n\t\t\tWant to work with us?\t<\/h2>\n\t<p>We are always looking for new committed and motivated employees within land use planning, road, water and wastewater planning, building technology, VDC, construction and project management.<\/p>\n\t\t\t<a href=\"https:\/\/www-vial.wp2.hcweb.dev\/en\/vacancy\/\" target=\"_self\">\n\t\t\t\t\t\t\tContact us\n\t\t\t\t\t<\/a>\n\t\t\t\t<img decoding=\"async\" src=\"https:\/\/www-vial.wp2.hcweb.dev\/wp-content\/uploads\/2022\/03\/IMG_5345-scaled.jpg\" alt=\"IMG_5345\" itemprop=\"image\" height=\"1920\" width=\"2560\" title=\"IMG_5345\" onerror=\"this.style.display='none'\" loading=\"lazy\" \/>\n\t\t\t\t<img decoding=\"async\" src=\"https:\/\/www-vial.wp2.hcweb.dev\/wp-content\/uploads\/2024\/02\/Sentral_Godkjenning_Ny-279x300-1.webp\" alt=\"Logo Centrally Approved\" itemprop=\"image\" height=\"249\" width=\"232\" title=\"Sentral_Godkjenning_Ny-279x300\" onerror=\"this.style.display='none'\" loading=\"lazy\" \/>\n<h2>\n\t\t\tCentrally Approved\t<\/h2>\n\t<p>We can guarantee construction quality with our professional expertise as a serious and reliable partner.<\/p>\n<p>The following authorisation areas have been granted:<\/p>\n\t<ul>\n\t\t\t<li>\n\t\t\t\tApplicant (for all types of measures) in measure class 2\n\t\t\t<\/li>\n\t\t\t<li>\n\t\t\t\tDesign of architecture in action class 1\n\t\t\t<\/li>\n\t\t\t<li>\n\t\t\t\tDesign of roads, outdoor areas and landscaping in action class 3\n\t\t\t<\/li>\n\t\t\t<li>\n\t\t\t\tDesign of surveying engineering design in measure class 2\n\t\t\t<\/li>\n\t\t\t<li>\n\t\t\t\tDesign of geotechnical engineering in action class 1\n\t\t\t<\/li>\n\t\t<\/ul>\n\t<ul>\n\t\t\t<li>\n\t\t\t\tDesign of structural safety in action class 2\n\t\t\t<\/li>\n\t\t\t<li>\n\t\t\t\tDesign of building physics in action class 2\n\t\t\t<\/li>\n\t\t\t<li>\n\t\t\t\tDesign of water supply and wastewater systems in action class 3\n\t\t\t<\/li>\n\t\t\t<li>\n\t\t\t\tControl of structural safety in action class 2\n\t\t\t<\/li>\n\t\t\t<li>\n\t\t\t\tThe following additional information will appear on the authorisation certificate\n\t\t\t<\/li>\n\t\t<\/ul>\n<h2>\n\t\t\tOur services\t<\/h2>\n\t\t\t\t<a href=\"https:\/\/www-vial.wp2.hcweb.dev\/en\/favours\/transport\/\"  target=\"_self\" itemprop=\"url\">\n\t\t\t\t<img decoding=\"async\" src=\"https:\/\/www-vial.wp2.hcweb.dev\/wp-content\/uploads\/2024\/01\/samferdsel.png\" alt=\"transport\" itemprop=\"image\" height=\"67\" width=\"80\" title=\"transport\" onerror=\"this.style.display='none'\" loading=\"lazy\" \/>\n\t\t\t\t<\/a>\n<h3><a href=\"https:\/\/www-vial.wp2.hcweb.dev\/en\/favours\/transport\/\" target=\"_self\">Transport<\/a><\/h3>\n\t\t\t<a href=\"https:\/\/www-vial.wp2.hcweb.dev\/en\/favours\/transport\/\" target=\"_self\">\n\t\t\t\t\t\t\tRead more\n\t\t\t\t\t<\/a>\n\t\t\t\t<a href=\"https:\/\/www-vial.wp2.hcweb.dev\/en\/favours\/building-technology\/\"  target=\"_self\" itemprop=\"url\">\n\t\t\t\t<img decoding=\"async\" src=\"https:\/\/www-vial.wp2.hcweb.dev\/wp-content\/uploads\/2024\/01\/byggeteknikk-.png\" alt=\"building technology\" itemprop=\"image\" height=\"67\" width=\"71\" title=\"building technology\" onerror=\"this.style.display='none'\" loading=\"lazy\" \/>\n\t\t\t\t<\/a>\n<h3><a href=\"https:\/\/www-vial.wp2.hcweb.dev\/en\/favours\/building-technology\/\" target=\"_self\">Construction Engineering<\/a><\/h3>\n\t\t\t<a href=\"https:\/\/www-vial.wp2.hcweb.dev\/en\/favours\/building-technology\/\" target=\"_self\">\n\t\t\t\t\t\t\tRead more\n\t\t\t\t\t<\/a>\n\t\t\t\t<a href=\"https:\/\/www-vial.wp2.hcweb.dev\/en\/favours\/area-plan\/\"  target=\"_self\" itemprop=\"url\">\n\t\t\t\t<img decoding=\"async\" src=\"https:\/\/www-vial.wp2.hcweb.dev\/wp-content\/uploads\/2024\/01\/areal-plan.png\" alt=\"area plan\" itemprop=\"image\" height=\"67\" width=\"71\" title=\"area plan\" onerror=\"this.style.display='none'\" loading=\"lazy\" \/>\n\t\t\t\t<\/a>\n<h3><a href=\"https:\/\/www-vial.wp2.hcweb.dev\/en\/favours\/area-plan\/\" target=\"_self\">Zoning plan<\/a><\/h3>\n\t\t\t<a href=\"https:\/\/www-vial.wp2.hcweb.dev\/en\/favours\/area-plan\/\" target=\"_self\">\n\t\t\t\t\t\t\tRead more\n\t\t\t\t\t<\/a>\n\t\t\t\t<a href=\"https:\/\/www-vial.wp2.hcweb.dev\/en\/favours\/vdc\/\"  target=\"_self\" itemprop=\"url\">\n\t\t\t\t<img decoding=\"async\" src=\"https:\/\/www-vial.wp2.hcweb.dev\/wp-content\/uploads\/2024\/01\/vdc-.png\" alt=\"vdc-\" itemprop=\"image\" height=\"67\" width=\"71\" title=\"vdc-\" onerror=\"this.style.display='none'\" loading=\"lazy\" \/>\n\t\t\t\t<\/a>\n<h3><a href=\"https:\/\/www-vial.wp2.hcweb.dev\/en\/favours\/vdc\/\" target=\"_self\">VDC<\/a><\/h3>\n\t\t\t<a href=\"https:\/\/www-vial.wp2.hcweb.dev\/en\/favours\/vdc\/\" target=\"_self\">\n\t\t\t\t\t\t\tRead more\n\t\t\t\t\t<\/a>\n\t\t\t\t<a href=\"https:\/\/www-vial.wp2.hcweb.dev\/en\/favours\/water-and-sewage\/\"  target=\"_self\" itemprop=\"url\">\n\t\t\t\t<img decoding=\"async\" src=\"https:\/\/www-vial.wp2.hcweb.dev\/wp-content\/uploads\/2024\/01\/vann-avloep-.png\" alt=\"water-drainage\" itemprop=\"image\" height=\"67\" width=\"60\" title=\"water-drainage\" onerror=\"this.style.display='none'\" loading=\"lazy\" \/>\n\t\t\t\t<\/a>\n<h3><a href=\"https:\/\/www-vial.wp2.hcweb.dev\/en\/favours\/water-and-sewage\/\" target=\"_self\">Water and wastewater<\/a><\/h3>\n\t\t\t<a href=\"https:\/\/www-vial.wp2.hcweb.dev\/en\/favours\/water-and-sewage\/\" target=\"_self\">\n\t\t\t\t\t\t\tRead more\n\t\t\t\t\t<\/a>\n\t\t\t\t<a href=\"https:\/\/www-vial.wp2.hcweb.dev\/en\/favours\/landscapes\/\"  target=\"_self\" itemprop=\"url\">\n\t\t\t\t<img decoding=\"async\" src=\"https:\/\/www-vial.wp2.hcweb.dev\/wp-content\/uploads\/2024\/01\/landskap-.png\" alt=\"landscape\" itemprop=\"image\" height=\"67\" width=\"59\" title=\"landscape\" onerror=\"this.style.display='none'\" loading=\"lazy\" \/>\n\t\t\t\t<\/a>\n<h3><a href=\"https:\/\/www-vial.wp2.hcweb.dev\/en\/favours\/landscapes\/\" target=\"_self\">Landscape<\/a><\/h3>\n\t\t\t<a href=\"https:\/\/www-vial.wp2.hcweb.dev\/en\/favours\/landscapes\/\" target=\"_self\">\n\t\t\t\t\t\t\tRead more\n\t\t\t\t\t<\/a>\n\t\t\t\t<a href=\"https:\/\/www-vial.wp2.hcweb.dev\/en\/favours\/construction-plough\/\"  target=\"_self\" itemprop=\"url\">\n\t\t\t\t<img decoding=\"async\" src=\"https:\/\/www-vial.wp2.hcweb.dev\/wp-content\/uploads\/2024\/01\/byggsoek-.png\" alt=\"building inspection\" itemprop=\"image\" height=\"67\" width=\"69\" title=\"building inspection\" onerror=\"this.style.display='none'\" loading=\"lazy\" \/>\n\t\t\t\t<\/a>\n<h3><a href=\"https:\/\/www-vial.wp2.hcweb.dev\/en\/favours\/construction-plough\/\" target=\"_self\">Building search<\/a><\/h3>\n\t\t\t<a href=\"https:\/\/www-vial.wp2.hcweb.dev\/en\/favours\/construction-plough\/\" target=\"_self\">\n\t\t\t\t\t\t\tRead more\n\t\t\t\t\t<\/a>\n\t\t\t\t<a href=\"https:\/\/www-vial.wp2.hcweb.dev\/en\/vial-energy\/\"  target=\"_self\" itemprop=\"url\">\n\t\t\t\t<img decoding=\"async\" src=\"https:\/\/www-vial.wp2.hcweb.dev\/wp-content\/uploads\/2024\/01\/vial-energy-logo.png\" alt=\"vial-energy logo\" itemprop=\"image\" height=\"172\" width=\"316\" title=\"vial-energy logo\" onerror=\"this.style.display='none'\" loading=\"lazy\" \/>\n\t\t\t\t<\/a>\n<h3><a href=\"https:\/\/www-vial.wp2.hcweb.dev\/en\/vial-energy\/\" target=\"_self\">Vial Energy<\/a><\/h3>\n\t\t\t<a href=\"https:\/\/www-vial.wp2.hcweb.dev\/en\/vial-energy\/\" target=\"_self\">\n\t\t\t\t\t\t\tRead more\n\t\t\t\t\t<\/a>\n<h2>\n\t\t\tProjects\t<\/h2>","protected":false},"excerpt":{"rendered":"<p>We have extensive experience in transport and infrastructure planning as well as construction engineering. We were established in 2012 and are based at \u00c5sen in Stavanger. Today we are a company with 23 employees. Together, we consist of experienced and newly qualified engineers and civil engineers with interdisciplinary expertise in our fields. Would you like to work with us?<\/p>","protected":false},"author":1,"featured_media":122,"parent":0,"menu_order":0,"comment_status":"closed","ping_status":"closed","template":"","meta":{"_acf_changed":false,"inline_featured_image":false,"footnotes":""},"class_list":["post-15","page","type-page","status-publish","has-post-thumbnail","hentry"],"acf":[],"yoast_head":"<!-- This site is optimized with the Yoast SEO plugin v27.3 - https:\/\/yoast.com\/product\/yoast-seo-wordpress\/ -->\n<title>Om oss - Vial<\/title>\n<meta name=\"robots\" content=\"noindex, follow, max-snippet:-1, max-image-preview:large, max-video-preview:-1\" \/>\n<meta property=\"og:locale\" content=\"en_GB\" \/>\n<meta property=\"og:type\" content=\"article\" \/>\n<meta property=\"og:title\" content=\"Om oss - Vial\" \/>\n<meta property=\"og:description\" content=\"Vi har lang erfaring innen planlegging av samferdsel og infrastruktur samt byggeteknisk prosjektering. Vi ble etablert i 2012 og holder til p\u00e5 \u00c5sen i Stavanger. I dag er vi en bedrift med 23 ansatte. Sammen best\u00e5r vi av erfarne og nyutdannede ingeni\u00f8rer og sivilingeni\u00f8rer med tverrfaglig kompetanse innen v\u00e5re fagomr\u00e5der. Vil du jobbe hos oss?&hellip;\" \/>\n<meta property=\"og:url\" content=\"https:\/\/www-vial.wp2.hcweb.dev\/en\/about-us\/\" \/>\n<meta property=\"og:site_name\" content=\"Vial\" \/>\n<meta property=\"article:publisher\" content=\"https:\/\/www.facebook.com\/vialvial\/\" \/>\n<meta property=\"article:modified_time\" content=\"2025-10-09T06:44:59+00:00\" \/>\n<meta property=\"og:image\" content=\"https:\/\/www-vial.wp2.hcweb.dev\/wp-content\/uploads\/2017\/10\/smeaheia.jpg\" \/>\n\t<meta property=\"og:image:width\" content=\"1600\" \/>\n\t<meta property=\"og:image:height\" content=\"988\" \/>\n\t<meta property=\"og:image:type\" content=\"image\/jpeg\" \/>\n<meta name=\"twitter:card\" content=\"summary_large_image\" \/>\n<meta name=\"twitter:label1\" content=\"Estimated reading time\" \/>\n\t<meta name=\"twitter:data1\" content=\"5 minutes\" \/>\n<script type=\"application\/ld+json\" class=\"yoast-schema-graph\">{\"@context\":\"https:\\\/\\\/schema.org\",\"@graph\":[{\"@type\":\"WebPage\",\"@id\":\"https:\\\/\\\/www-vial.wp2.hcweb.dev\\\/om-oss\\\/\",\"url\":\"https:\\\/\\\/www-vial.wp2.hcweb.dev\\\/om-oss\\\/\",\"name\":\"Om oss - Vial\",\"isPartOf\":{\"@id\":\"https:\\\/\\\/www-vial.wp2.hcweb.dev\\\/#website\"},\"primaryImageOfPage\":{\"@id\":\"https:\\\/\\\/www-vial.wp2.hcweb.dev\\\/om-oss\\\/#primaryimage\"},\"image\":{\"@id\":\"https:\\\/\\\/www-vial.wp2.hcweb.dev\\\/om-oss\\\/#primaryimage\"},\"thumbnailUrl\":\"https:\\\/\\\/www-vial.wp2.hcweb.dev\\\/wp-content\\\/uploads\\\/2017\\\/10\\\/smeaheia.jpg\",\"datePublished\":\"2021-11-11T10:18:10+00:00\",\"dateModified\":\"2025-10-09T06:44:59+00:00\",\"breadcrumb\":{\"@id\":\"https:\\\/\\\/www-vial.wp2.hcweb.dev\\\/om-oss\\\/#breadcrumb\"},\"inLanguage\":\"en-GB\",\"potentialAction\":[{\"@type\":\"ReadAction\",\"target\":[\"https:\\\/\\\/www-vial.wp2.hcweb.dev\\\/om-oss\\\/\"]}]},{\"@type\":\"ImageObject\",\"inLanguage\":\"en-GB\",\"@id\":\"https:\\\/\\\/www-vial.wp2.hcweb.dev\\\/om-oss\\\/#primaryimage\",\"url\":\"https:\\\/\\\/www-vial.wp2.hcweb.dev\\\/wp-content\\\/uploads\\\/2017\\\/10\\\/smeaheia.jpg\",\"contentUrl\":\"https:\\\/\\\/www-vial.wp2.hcweb.dev\\\/wp-content\\\/uploads\\\/2017\\\/10\\\/smeaheia.jpg\",\"width\":1600,\"height\":988},{\"@type\":\"BreadcrumbList\",\"@id\":\"https:\\\/\\\/www-vial.wp2.hcweb.dev\\\/om-oss\\\/#breadcrumb\",\"itemListElement\":[{\"@type\":\"ListItem\",\"position\":1,\"name\":\"Hjem\",\"item\":\"https:\\\/\\\/www-vial.wp2.hcweb.dev\\\/\"},{\"@type\":\"ListItem\",\"position\":2,\"name\":\"Om oss\"}]},{\"@type\":\"WebSite\",\"@id\":\"https:\\\/\\\/www-vial.wp2.hcweb.dev\\\/#website\",\"url\":\"https:\\\/\\\/www-vial.wp2.hcweb.dev\\\/\",\"name\":\"Vial\",\"description\":\"Planlegging av infrastruktur og byggeteknikk\",\"publisher\":{\"@id\":\"https:\\\/\\\/www-vial.wp2.hcweb.dev\\\/#organization\"},\"potentialAction\":[{\"@type\":\"SearchAction\",\"target\":{\"@type\":\"EntryPoint\",\"urlTemplate\":\"https:\\\/\\\/www-vial.wp2.hcweb.dev\\\/?s={search_term_string}\"},\"query-input\":{\"@type\":\"PropertyValueSpecification\",\"valueRequired\":true,\"valueName\":\"search_term_string\"}}],\"inLanguage\":\"en-GB\"},{\"@type\":\"Organization\",\"@id\":\"https:\\\/\\\/www-vial.wp2.hcweb.dev\\\/#organization\",\"name\":\"Vial AS\",\"alternateName\":\"Vial\",\"url\":\"https:\\\/\\\/www-vial.wp2.hcweb.dev\\\/\",\"logo\":{\"@type\":\"ImageObject\",\"inLanguage\":\"en-GB\",\"@id\":\"https:\\\/\\\/www-vial.wp2.hcweb.dev\\\/#\\\/schema\\\/logo\\\/image\\\/\",\"url\":\"https:\\\/\\\/www-vial.wp2.hcweb.dev\\\/wp-content\\\/uploads\\\/2024\\\/01\\\/vial-logo-roed.svg\",\"contentUrl\":\"https:\\\/\\\/www-vial.wp2.hcweb.dev\\\/wp-content\\\/uploads\\\/2024\\\/01\\\/vial-logo-roed.svg\",\"width\":142,\"height\":77,\"caption\":\"Vial AS\"},\"image\":{\"@id\":\"https:\\\/\\\/www-vial.wp2.hcweb.dev\\\/#\\\/schema\\\/logo\\\/image\\\/\"},\"sameAs\":[\"https:\\\/\\\/www.facebook.com\\\/vialvial\\\/\"]}]}<\/script>\n<!-- \/ Yoast SEO plugin. -->","yoast_head_json":{"title":"About us - Vial","robots":{"index":"noindex","follow":"follow","max-snippet":"max-snippet:-1","max-image-preview":"max-image-preview:large","max-video-preview":"max-video-preview:-1"},"og_locale":"en_GB","og_type":"article","og_title":"Om oss - Vial","og_description":"Vi har lang erfaring innen planlegging av samferdsel og infrastruktur samt byggeteknisk prosjektering. Vi ble etablert i 2012 og holder til p\u00e5 \u00c5sen i Stavanger. I dag er vi en bedrift med 23 ansatte. Sammen best\u00e5r vi av erfarne og nyutdannede ingeni\u00f8rer og sivilingeni\u00f8rer med tverrfaglig kompetanse innen v\u00e5re fagomr\u00e5der. Vil du jobbe hos oss?&hellip;","og_url":"https:\/\/www-vial.wp2.hcweb.dev\/en\/about-us\/","og_site_name":"Vial","article_publisher":"https:\/\/www.facebook.com\/vialvial\/","article_modified_time":"2025-10-09T06:44:59+00:00","og_image":[{"width":1600,"height":988,"url":"https:\/\/www-vial.wp2.hcweb.dev\/wp-content\/uploads\/2017\/10\/smeaheia.jpg","type":"image\/jpeg"}],"twitter_card":"summary_large_image","twitter_misc":{"Estimated reading time":"5 minutes"},"schema":{"@context":"https:\/\/schema.org","@graph":[{"@type":"WebPage","@id":"https:\/\/www-vial.wp2.hcweb.dev\/om-oss\/","url":"https:\/\/www-vial.wp2.hcweb.dev\/om-oss\/","name":"About us - Vial","isPartOf":{"@id":"https:\/\/www-vial.wp2.hcweb.dev\/#website"},"primaryImageOfPage":{"@id":"https:\/\/www-vial.wp2.hcweb.dev\/om-oss\/#primaryimage"},"image":{"@id":"https:\/\/www-vial.wp2.hcweb.dev\/om-oss\/#primaryimage"},"thumbnailUrl":"https:\/\/www-vial.wp2.hcweb.dev\/wp-content\/uploads\/2017\/10\/smeaheia.jpg","datePublished":"2021-11-11T10:18:10+00:00","dateModified":"2025-10-09T06:44:59+00:00","breadcrumb":{"@id":"https:\/\/www-vial.wp2.hcweb.dev\/om-oss\/#breadcrumb"},"inLanguage":"en-GB","potentialAction":[{"@type":"ReadAction","target":["https:\/\/www-vial.wp2.hcweb.dev\/om-oss\/"]}]},{"@type":"ImageObject","inLanguage":"en-GB","@id":"https:\/\/www-vial.wp2.hcweb.dev\/om-oss\/#primaryimage","url":"https:\/\/www-vial.wp2.hcweb.dev\/wp-content\/uploads\/2017\/10\/smeaheia.jpg","contentUrl":"https:\/\/www-vial.wp2.hcweb.dev\/wp-content\/uploads\/2017\/10\/smeaheia.jpg","width":1600,"height":988},{"@type":"BreadcrumbList","@id":"https:\/\/www-vial.wp2.hcweb.dev\/om-oss\/#breadcrumb","itemListElement":[{"@type":"ListItem","position":1,"name":"Hjem","item":"https:\/\/www-vial.wp2.hcweb.dev\/"},{"@type":"ListItem","position":2,"name":"Om oss"}]},{"@type":"WebSite","@id":"https:\/\/www-vial.wp2.hcweb.dev\/#website","url":"https:\/\/www-vial.wp2.hcweb.dev\/","name":"Vial","description":"Planning of infrastructure and building technology","publisher":{"@id":"https:\/\/www-vial.wp2.hcweb.dev\/#organization"},"potentialAction":[{"@type":"SearchAction","target":{"@type":"EntryPoint","urlTemplate":"https:\/\/www-vial.wp2.hcweb.dev\/?s={search_term_string}"},"query-input":{"@type":"PropertyValueSpecification","valueRequired":true,"valueName":"search_term_string"}}],"inLanguage":"en-GB"},{"@type":"Organization","@id":"https:\/\/www-vial.wp2.hcweb.dev\/#organization","name":"Vial AS","alternateName":"Vial","url":"https:\/\/www-vial.wp2.hcweb.dev\/","logo":{"@type":"ImageObject","inLanguage":"en-GB","@id":"https:\/\/www-vial.wp2.hcweb.dev\/#\/schema\/logo\/image\/","url":"https:\/\/www-vial.wp2.hcweb.dev\/wp-content\/uploads\/2024\/01\/vial-logo-roed.svg","contentUrl":"https:\/\/www-vial.wp2.hcweb.dev\/wp-content\/uploads\/2024\/01\/vial-logo-roed.svg","width":142,"height":77,"caption":"Vial AS"},"image":{"@id":"https:\/\/www-vial.wp2.hcweb.dev\/#\/schema\/logo\/image\/"},"sameAs":["https:\/\/www.facebook.com\/vialvial\/"]}]}},"_links":{"self":[{"href":"https:\/\/www-vial.wp2.hcweb.dev\/en\/wp-json\/wp\/v2\/pages\/15","targetHints":{"allow":["GET"]}}],"collection":[{"href":"https:\/\/www-vial.wp2.hcweb.dev\/en\/wp-json\/wp\/v2\/pages"}],"about":[{"href":"https:\/\/www-vial.wp2.hcweb.dev\/en\/wp-json\/wp\/v2\/types\/page"}],"author":[{"embeddable":true,"href":"https:\/\/www-vial.wp2.hcweb.dev\/en\/wp-json\/wp\/v2\/users\/1"}],"replies":[{"embeddable":true,"href":"https:\/\/www-vial.wp2.hcweb.dev\/en\/wp-json\/wp\/v2\/comments?post=15"}],"version-history":[{"count":45,"href":"https:\/\/www-vial.wp2.hcweb.dev\/en\/wp-json\/wp\/v2\/pages\/15\/revisions"}],"predecessor-version":[{"id":1957,"href":"https:\/\/www-vial.wp2.hcweb.dev\/en\/wp-json\/wp\/v2\/pages\/15\/revisions\/1957"}],"wp:featuredmedia":[{"embeddable":true,"href":"https:\/\/www-vial.wp2.hcweb.dev\/en\/wp-json\/wp\/v2\/media\/122"}],"wp:attachment":[{"href":"https:\/\/www-vial.wp2.hcweb.dev\/en\/wp-json\/wp\/v2\/media?parent=15"}],"curies":[{"name":"wp","href":"https:\/\/api.w.org\/{rel}","templated":true}]}}