{"id":1340,"date":"2024-02-08T08:55:08","date_gmt":"2024-02-08T07:55:08","guid":{"rendered":"https:\/\/www-vial.wp2.hcweb.dev\/?page_id=1340"},"modified":"2025-10-09T08:48:41","modified_gmt":"2025-10-09T06:48:41","slug":"vial-energy","status":"publish","type":"page","link":"https:\/\/www-vial.wp2.hcweb.dev\/en\/vial-energy\/","title":{"rendered":"Vial Energy"},"content":{"rendered":"<p>Development and organisation of areas for the establishment and use of renewable energy.<\/p>\n<p>We want to develop various renewable energy solutions together with municipalities, energy companies and property developers in the process of green transition!<\/p>\n\t\t\t\t<img decoding=\"async\" src=\"https:\/\/www-vial.wp2.hcweb.dev\/wp-content\/uploads\/2024\/02\/Vial-Energy_Logo_gronn_trykk.svg\" alt=\"Vial Energy_Logo_green_print\" itemprop=\"image\" height=\"0\" width=\"0\" title=\"Vial Energy_Logo_green_print\" onerror=\"this.style.display='none'\" loading=\"lazy\" \/>\n<h2>\n\t\t\tWe can assist with\t<\/h2>\n\t<ul>\n\t\t\t<li>\n\t\t\t\tFeasibility studies\n\t\t\t<\/li>\n\t\t\t<li>\n\t\t\t\tPre-projects\n\t\t\t<\/li>\n\t\t\t<li>\n\t\t\t\tRequirements specification\n\t\t\t<\/li>\n\t\t\t<li>\n\t\t\t\tMarket analyses\n\t\t\t<\/li>\n\t\t\t<li>\n\t\t\t\tEnvironmental assessments\n\t\t\t<\/li>\n\t\t\t<li>\n\t\t\t\tVDC\n\t\t\t<\/li>\n\t\t\t<li>\n\t\t\t\tLocal authority plans\n\t\t\t<\/li>\n\t\t\t<li>\n\t\t\t\tImpact assessments\n\t\t\t<\/li>\n\t\t<\/ul>\n\t<ul>\n\t\t\t<li>\n\t\t\t\tLicence applications\n\t\t\t<\/li>\n\t\t\t<li>\n\t\t\t\tNeighbourhood plans\n\t\t\t<\/li>\n\t\t\t<li>\n\t\t\t\tProject management\n\t\t\t<\/li>\n\t\t\t<li>\n\t\t\t\tZoning plans\n\t\t\t<\/li>\n\t\t\t<li>\n\t\t\t\tTechnical engineering\n\t\t\t<\/li>\n\t\t\t<li>\n\t\t\t\tDue diligence\n\t\t\t<\/li>\n\t\t\t<li>\n\t\t\t\tFollow-up in the construction phase\n\t\t\t<\/li>\n\t\t<\/ul>\n\t\t<meta itemprop=\"url\" content=\"https:\/\/www-vial.wp2.hcweb.dev\/wp-content\/uploads\/2024\/01\/vindmolle.mp4\" \/><div style=\"width: 640px;\" class=\"wp-video\"><video muted class=\"wp-video-shortcode\" id=\"video-1340-1\" width=\"640\" height=\"360\" poster=\"https:\/\/www-vial.wp2.hcweb.dev\/wp-content\/uploads\/2024\/02\/vindmolle.jpg\" loop autoplay preload=\"none\" controls=\"controls\"><source type=\"video\/mp4\" src=\"https:\/\/www-vial.wp2.hcweb.dev\/wp-content\/uploads\/2024\/01\/vindmolle.mp4?_=1\" \/><source type=\"video\/mp4\" src=\"https:\/\/www-vial.wp2.hcweb.dev\/wp-content\/uploads\/2024\/01\/vindmolle.mp4?_=1\" \/><a href=\"https:\/\/www-vial.wp2.hcweb.dev\/wp-content\/uploads\/2024\/01\/vindmolle.mp4\">https:\/\/www-vial.wp2.hcweb.dev\/wp-content\/uploads\/2024\/01\/vindmolle.mp4<\/a><\/video><\/div>\t\n<h2>\n\t\t\tAreas we cover\t<\/h2>\n\t<p>Our versatile expertise spans several critical areas, and we pride ourselves on delivering innovative solutions:<\/p>\n\t\t<ul>\n\t\t\t\t\t<li>\n\t\t\t\t<h4>Power supply<\/h4>\n\t\t\t<\/li>\n\t\t\t\t\t<li>\n\t\t\t\t<h4>Data centre<\/h4>\n\t\t\t<\/li>\n\t\t\t\t\t<li>\n\t\t\t\t<h4>Hydropower plants<\/h4>\n\t\t\t<\/li>\n\t\t\t\t\t<li>\n\t\t\t\t<h4>District heating<\/h4>\n\t\t\t<\/li>\n\t\t\t\t\t<li>\n\t\t\t\t<h4>Circular industry<\/h4>\n\t\t\t<\/li>\n\t\t\t\t<\/ul>\n\t\t\t<a href=\"#referanser\" target=\"_self\">\n\t\t\t\t\t\t\tReferences\n\t\t\t\t\t<\/a>\n<h2  id=\"referanser\">\n\t\t\tReferences\t<\/h2>\n\t<p>Our expertise in renewable energy has enabled us to design, develop and implement effective solutions that help increase the production of sustainable energy.<\/p>\n\t<p>With a focus on innovation and sustainability, our dedicated team has been working to optimise energy production while taking into account our environmental impact.<\/p>","protected":false},"excerpt":{"rendered":"<p>Development and organisation of areas for the establishment and use of renewable energy. We want to develop various renewable energy solutions together with municipalities, energy companies and property developers in the process of green transition! We can assist with feasibility studies Pre-projects Requirements specification Market analyses Environmental assessments VDC Municipal plans Impact assessments Licence applications Area plans Project management Zoning plans Technical design Due diligence Follow-up in the construction phase Areas we...<\/p>","protected":false},"author":1,"featured_media":0,"parent":0,"menu_order":0,"comment_status":"closed","ping_status":"closed","template":"","meta":{"_acf_changed":false,"inline_featured_image":false,"footnotes":""},"class_list":["post-1340","page","type-page","status-publish","hentry"],"acf":[],"yoast_head":"<!-- This site is optimized with the Yoast SEO plugin v27.3 - https:\/\/yoast.com\/product\/yoast-seo-wordpress\/ -->\n<title>Vial Energy - Vial<\/title>\n<meta name=\"robots\" content=\"noindex, follow, max-snippet:-1, max-image-preview:large, max-video-preview:-1\" \/>\n<meta property=\"og:locale\" content=\"en_GB\" \/>\n<meta property=\"og:type\" content=\"article\" \/>\n<meta property=\"og:title\" content=\"Vial Energy - Vial\" \/>\n<meta property=\"og:description\" content=\"Utvikling og tilrettelegging av omr\u00e5der for etablering og bruk av fornybar energi. Vi \u00f8nsker \u00e5 utvikle ulike fornybare energil\u00f8sninger sammen med kommuner, energiselskap og eiendomsutviklere i prosessen med gr\u00f8nn omstilling! Vi kan bist\u00e5 med Mulighetsstudier Forprosjekter Kravspesifikasjon Markedsanalyser Milj\u00f8vurderinger VDC Kommuneplaner Konsekvensutredninger Konsesjonss\u00f8knader Omr\u00e5deplaner Prosjektledelse Reguleringsplaner Teknisk prosjektering Due Diligence Oppf\u00f8lging i byggefasen Omr\u00e5der vi&hellip;\" \/>\n<meta property=\"og:url\" content=\"https:\/\/www-vial.wp2.hcweb.dev\/en\/vial-energy\/\" \/>\n<meta property=\"og:site_name\" content=\"Vial\" \/>\n<meta property=\"article:publisher\" content=\"https:\/\/www.facebook.com\/vialvial\/\" \/>\n<meta property=\"article:modified_time\" content=\"2025-10-09T06:48:41+00:00\" \/>\n<meta property=\"og:image\" content=\"https:\/\/www-vial.wp2.hcweb.dev\/wp-content\/uploads\/2024\/02\/Vial-Energy_Logo_gronn_trykk.svg\" \/>\n<meta name=\"twitter:card\" content=\"summary_large_image\" \/>\n<meta name=\"twitter:label1\" content=\"Estimated reading time\" \/>\n\t<meta name=\"twitter:data1\" content=\"2 minutes\" \/>\n<script type=\"application\/ld+json\" class=\"yoast-schema-graph\">{\"@context\":\"https:\\\/\\\/schema.org\",\"@graph\":[{\"@type\":\"WebPage\",\"@id\":\"https:\\\/\\\/www-vial.wp2.hcweb.dev\\\/vial-energy\\\/\",\"url\":\"https:\\\/\\\/www-vial.wp2.hcweb.dev\\\/vial-energy\\\/\",\"name\":\"Vial Energy - Vial\",\"isPartOf\":{\"@id\":\"https:\\\/\\\/www-vial.wp2.hcweb.dev\\\/#website\"},\"primaryImageOfPage\":{\"@id\":\"https:\\\/\\\/www-vial.wp2.hcweb.dev\\\/vial-energy\\\/#primaryimage\"},\"image\":{\"@id\":\"https:\\\/\\\/www-vial.wp2.hcweb.dev\\\/vial-energy\\\/#primaryimage\"},\"thumbnailUrl\":\"https:\\\/\\\/www-vial.wp2.hcweb.dev\\\/wp-content\\\/uploads\\\/2024\\\/02\\\/Vial-Energy_Logo_gronn_trykk.svg\",\"datePublished\":\"2024-02-08T07:55:08+00:00\",\"dateModified\":\"2025-10-09T06:48:41+00:00\",\"breadcrumb\":{\"@id\":\"https:\\\/\\\/www-vial.wp2.hcweb.dev\\\/vial-energy\\\/#breadcrumb\"},\"inLanguage\":\"en-GB\",\"potentialAction\":[{\"@type\":\"ReadAction\",\"target\":[\"https:\\\/\\\/www-vial.wp2.hcweb.dev\\\/vial-energy\\\/\"]}]},{\"@type\":\"ImageObject\",\"inLanguage\":\"en-GB\",\"@id\":\"https:\\\/\\\/www-vial.wp2.hcweb.dev\\\/vial-energy\\\/#primaryimage\",\"url\":\"https:\\\/\\\/www-vial.wp2.hcweb.dev\\\/wp-content\\\/uploads\\\/2024\\\/02\\\/Vial-Energy_Logo_gronn_trykk.svg\",\"contentUrl\":\"https:\\\/\\\/www-vial.wp2.hcweb.dev\\\/wp-content\\\/uploads\\\/2024\\\/02\\\/Vial-Energy_Logo_gronn_trykk.svg\"},{\"@type\":\"BreadcrumbList\",\"@id\":\"https:\\\/\\\/www-vial.wp2.hcweb.dev\\\/vial-energy\\\/#breadcrumb\",\"itemListElement\":[{\"@type\":\"ListItem\",\"position\":1,\"name\":\"Hjem\",\"item\":\"https:\\\/\\\/www-vial.wp2.hcweb.dev\\\/\"},{\"@type\":\"ListItem\",\"position\":2,\"name\":\"Vial Energy\"}]},{\"@type\":\"WebSite\",\"@id\":\"https:\\\/\\\/www-vial.wp2.hcweb.dev\\\/#website\",\"url\":\"https:\\\/\\\/www-vial.wp2.hcweb.dev\\\/\",\"name\":\"Vial\",\"description\":\"Planlegging av infrastruktur og byggeteknikk\",\"publisher\":{\"@id\":\"https:\\\/\\\/www-vial.wp2.hcweb.dev\\\/#organization\"},\"potentialAction\":[{\"@type\":\"SearchAction\",\"target\":{\"@type\":\"EntryPoint\",\"urlTemplate\":\"https:\\\/\\\/www-vial.wp2.hcweb.dev\\\/?s={search_term_string}\"},\"query-input\":{\"@type\":\"PropertyValueSpecification\",\"valueRequired\":true,\"valueName\":\"search_term_string\"}}],\"inLanguage\":\"en-GB\"},{\"@type\":\"Organization\",\"@id\":\"https:\\\/\\\/www-vial.wp2.hcweb.dev\\\/#organization\",\"name\":\"Vial AS\",\"alternateName\":\"Vial\",\"url\":\"https:\\\/\\\/www-vial.wp2.hcweb.dev\\\/\",\"logo\":{\"@type\":\"ImageObject\",\"inLanguage\":\"en-GB\",\"@id\":\"https:\\\/\\\/www-vial.wp2.hcweb.dev\\\/#\\\/schema\\\/logo\\\/image\\\/\",\"url\":\"https:\\\/\\\/www-vial.wp2.hcweb.dev\\\/wp-content\\\/uploads\\\/2024\\\/01\\\/vial-logo-roed.svg\",\"contentUrl\":\"https:\\\/\\\/www-vial.wp2.hcweb.dev\\\/wp-content\\\/uploads\\\/2024\\\/01\\\/vial-logo-roed.svg\",\"width\":142,\"height\":77,\"caption\":\"Vial AS\"},\"image\":{\"@id\":\"https:\\\/\\\/www-vial.wp2.hcweb.dev\\\/#\\\/schema\\\/logo\\\/image\\\/\"},\"sameAs\":[\"https:\\\/\\\/www.facebook.com\\\/vialvial\\\/\"]}]}<\/script>\n<!-- \/ Yoast SEO plugin. -->","yoast_head_json":{"title":"Vial Energy - Vial","robots":{"index":"noindex","follow":"follow","max-snippet":"max-snippet:-1","max-image-preview":"max-image-preview:large","max-video-preview":"max-video-preview:-1"},"og_locale":"en_GB","og_type":"article","og_title":"Vial Energy - Vial","og_description":"Utvikling og tilrettelegging av omr\u00e5der for etablering og bruk av fornybar energi. Vi \u00f8nsker \u00e5 utvikle ulike fornybare energil\u00f8sninger sammen med kommuner, energiselskap og eiendomsutviklere i prosessen med gr\u00f8nn omstilling! Vi kan bist\u00e5 med Mulighetsstudier Forprosjekter Kravspesifikasjon Markedsanalyser Milj\u00f8vurderinger VDC Kommuneplaner Konsekvensutredninger Konsesjonss\u00f8knader Omr\u00e5deplaner Prosjektledelse Reguleringsplaner Teknisk prosjektering Due Diligence Oppf\u00f8lging i byggefasen Omr\u00e5der vi&hellip;","og_url":"https:\/\/www-vial.wp2.hcweb.dev\/en\/vial-energy\/","og_site_name":"Vial","article_publisher":"https:\/\/www.facebook.com\/vialvial\/","article_modified_time":"2025-10-09T06:48:41+00:00","og_image":[{"url":"https:\/\/www-vial.wp2.hcweb.dev\/wp-content\/uploads\/2024\/02\/Vial-Energy_Logo_gronn_trykk.svg","type":"","width":"","height":""}],"twitter_card":"summary_large_image","twitter_misc":{"Estimated reading time":"2 minutes"},"schema":{"@context":"https:\/\/schema.org","@graph":[{"@type":"WebPage","@id":"https:\/\/www-vial.wp2.hcweb.dev\/vial-energy\/","url":"https:\/\/www-vial.wp2.hcweb.dev\/vial-energy\/","name":"Vial Energy - Vial","isPartOf":{"@id":"https:\/\/www-vial.wp2.hcweb.dev\/#website"},"primaryImageOfPage":{"@id":"https:\/\/www-vial.wp2.hcweb.dev\/vial-energy\/#primaryimage"},"image":{"@id":"https:\/\/www-vial.wp2.hcweb.dev\/vial-energy\/#primaryimage"},"thumbnailUrl":"https:\/\/www-vial.wp2.hcweb.dev\/wp-content\/uploads\/2024\/02\/Vial-Energy_Logo_gronn_trykk.svg","datePublished":"2024-02-08T07:55:08+00:00","dateModified":"2025-10-09T06:48:41+00:00","breadcrumb":{"@id":"https:\/\/www-vial.wp2.hcweb.dev\/vial-energy\/#breadcrumb"},"inLanguage":"en-GB","potentialAction":[{"@type":"ReadAction","target":["https:\/\/www-vial.wp2.hcweb.dev\/vial-energy\/"]}]},{"@type":"ImageObject","inLanguage":"en-GB","@id":"https:\/\/www-vial.wp2.hcweb.dev\/vial-energy\/#primaryimage","url":"https:\/\/www-vial.wp2.hcweb.dev\/wp-content\/uploads\/2024\/02\/Vial-Energy_Logo_gronn_trykk.svg","contentUrl":"https:\/\/www-vial.wp2.hcweb.dev\/wp-content\/uploads\/2024\/02\/Vial-Energy_Logo_gronn_trykk.svg"},{"@type":"BreadcrumbList","@id":"https:\/\/www-vial.wp2.hcweb.dev\/vial-energy\/#breadcrumb","itemListElement":[{"@type":"ListItem","position":1,"name":"Hjem","item":"https:\/\/www-vial.wp2.hcweb.dev\/"},{"@type":"ListItem","position":2,"name":"Vial Energy"}]},{"@type":"WebSite","@id":"https:\/\/www-vial.wp2.hcweb.dev\/#website","url":"https:\/\/www-vial.wp2.hcweb.dev\/","name":"Vial","description":"Planning of infrastructure and building technology","publisher":{"@id":"https:\/\/www-vial.wp2.hcweb.dev\/#organization"},"potentialAction":[{"@type":"SearchAction","target":{"@type":"EntryPoint","urlTemplate":"https:\/\/www-vial.wp2.hcweb.dev\/?s={search_term_string}"},"query-input":{"@type":"PropertyValueSpecification","valueRequired":true,"valueName":"search_term_string"}}],"inLanguage":"en-GB"},{"@type":"Organization","@id":"https:\/\/www-vial.wp2.hcweb.dev\/#organization","name":"Vial AS","alternateName":"Vial","url":"https:\/\/www-vial.wp2.hcweb.dev\/","logo":{"@type":"ImageObject","inLanguage":"en-GB","@id":"https:\/\/www-vial.wp2.hcweb.dev\/#\/schema\/logo\/image\/","url":"https:\/\/www-vial.wp2.hcweb.dev\/wp-content\/uploads\/2024\/01\/vial-logo-roed.svg","contentUrl":"https:\/\/www-vial.wp2.hcweb.dev\/wp-content\/uploads\/2024\/01\/vial-logo-roed.svg","width":142,"height":77,"caption":"Vial AS"},"image":{"@id":"https:\/\/www-vial.wp2.hcweb.dev\/#\/schema\/logo\/image\/"},"sameAs":["https:\/\/www.facebook.com\/vialvial\/"]}]}},"_links":{"self":[{"href":"https:\/\/www-vial.wp2.hcweb.dev\/en\/wp-json\/wp\/v2\/pages\/1340","targetHints":{"allow":["GET"]}}],"collection":[{"href":"https:\/\/www-vial.wp2.hcweb.dev\/en\/wp-json\/wp\/v2\/pages"}],"about":[{"href":"https:\/\/www-vial.wp2.hcweb.dev\/en\/wp-json\/wp\/v2\/types\/page"}],"author":[{"embeddable":true,"href":"https:\/\/www-vial.wp2.hcweb.dev\/en\/wp-json\/wp\/v2\/users\/1"}],"replies":[{"embeddable":true,"href":"https:\/\/www-vial.wp2.hcweb.dev\/en\/wp-json\/wp\/v2\/comments?post=1340"}],"version-history":[{"count":25,"href":"https:\/\/www-vial.wp2.hcweb.dev\/en\/wp-json\/wp\/v2\/pages\/1340\/revisions"}],"predecessor-version":[{"id":1959,"href":"https:\/\/www-vial.wp2.hcweb.dev\/en\/wp-json\/wp\/v2\/pages\/1340\/revisions\/1959"}],"wp:attachment":[{"href":"https:\/\/www-vial.wp2.hcweb.dev\/en\/wp-json\/wp\/v2\/media?parent=1340"}],"curies":[{"name":"wp","href":"https:\/\/api.w.org\/{rel}","templated":true}]}}