{"id":1265,"date":"2024-01-25T12:18:31","date_gmt":"2024-01-25T11:18:31","guid":{"rendered":"https:\/\/www-vial.wp2.hcweb.dev\/?page_id=1265"},"modified":"2024-02-22T09:30:26","modified_gmt":"2024-02-22T08:30:26","slug":"projects","status":"publish","type":"page","link":"https:\/\/www-vial.wp2.hcweb.dev\/en\/prosjekter\/","title":{"rendered":"Projects"},"content":{"rendered":"<h1>\n\t\tProjects\n\t<\/h1>\n\t\tSee all\n\t<ul>\n\t\t<li data-filter=\"*\" tabindex=\"0\" aria-label=\"See all\">See all<\/li><li data-filter=\".category-arealplan\" data-term=\"arealplan\" data-item-count=\"1\" tabindex=\"0\" aria-label=\"Zoning plan\">Zoning plan<\/li><li data-filter=\".category-bygg\" data-term=\"bygg\" data-item-count=\"3\" tabindex=\"0\" aria-label=\"Buildings\">Buildings<\/li><li data-filter=\".category-infrastruktur\" data-term=\"infrastruktur\" data-item-count=\"4\" tabindex=\"0\" aria-label=\"Infrastructure\">Infrastructure<\/li>\t<\/ul>\n\t<meta itemscope itemprop=\"mainEntityOfPage\" itemtype=\"https:\/\/schema.org\/WebPage\" itemid=\"http:\/\/1698\" content=\"Nesbuvegen\" \/><meta itemprop=\"datePublished\" content=\"2024-02-22\" \/><meta itemprop=\"dateModified\" content=\"2024-02-22\" \/><meta itemprop=\"name\" content=\"Vial\"\/><meta itemprop=\"url\" content=\"https:\/\/www-vial.wp2.hcweb.dev\/author\/oevial-no\/\" \/><meta itemprop=\"name\" content=\"\u00d8yvind Engedal\" \/><meta itemprop=\"url\" content=\"https:\/\/www-vial.wp2.hcweb.dev\/wp-content\/uploads\/2024\/02\/1067_Nesbuvegen_Image-scaled.jpg\" \/><meta itemprop=\"width\" content=\"2560\" \/><meta itemprop=\"height\" content=\"1111\" \/><meta itemprop=\"interactionType\" content=\"https:\/\/schema.org\/CommentAction\" \/><meta itemprop=\"userInteractionCount\" content=\"0\" \/>\n\t\t\t\t\t<a href=\"https:\/\/www-vial.wp2.hcweb.dev\/en\/nesbuvegen\/\" title=\"Nesbuvegen\"><\/a>\n\t\t\t\t<img decoding=\"async\" src=\"https:\/\/www-vial.wp2.hcweb.dev\/wp-content\/uploads\/bb-plugin\/cache\/1067_Nesbuvegen_Image-768x333-landscape-a43d5e70ce53e57e42b766ab44049fa9-.jpg\" alt=\"1067_Nesbuvegen_Image\" itemprop=\"image\" data-no-lazy=\"1\" title=\"1067_Nesbuvegen_Image\" onerror=\"this.style.display='none'\"  \/>\n\t\t\t\t\t\t\t\t\t<h3 itemprop=\"headline\">\n\t\t\t\t\t\t\t\t\t\t\t\t\t\tNesbuvegen\t\t\t\t\t\t\t\t\t\t\t<\/h3>\n    Joint engineering of technical plans for RFK's plans for...\n\t<meta itemscope itemprop=\"mainEntityOfPage\" itemtype=\"https:\/\/schema.org\/WebPage\" itemid=\"http:\/\/1693\" content=\"Auglendsdalen rundkj\u00f8ring\" \/><meta itemprop=\"datePublished\" content=\"2024-02-22\" \/><meta itemprop=\"dateModified\" content=\"2024-02-22\" \/><meta itemprop=\"name\" content=\"Vial\"\/><meta itemprop=\"url\" content=\"https:\/\/www-vial.wp2.hcweb.dev\/author\/oevial-no\/\" \/><meta itemprop=\"name\" content=\"\u00d8yvind Engedal\" \/><meta itemprop=\"url\" content=\"https:\/\/www-vial.wp2.hcweb.dev\/wp-content\/uploads\/2024\/02\/samferdsel-1.jpg\" \/><meta itemprop=\"width\" content=\"2550\" \/><meta itemprop=\"height\" content=\"1434\" \/><meta itemprop=\"interactionType\" content=\"https:\/\/schema.org\/CommentAction\" \/><meta itemprop=\"userInteractionCount\" content=\"0\" \/>\n\t\t\t\t\t<a href=\"https:\/\/www-vial.wp2.hcweb.dev\/en\/auglendsdalen-roundabout\/\" title=\"Auglendsdalen roundabout\"><\/a>\n\t\t\t\t<img decoding=\"async\" src=\"https:\/\/www-vial.wp2.hcweb.dev\/wp-content\/uploads\/bb-plugin\/cache\/samferdsel-1-768x432-landscape-7915a9c98293e162416767de78837e85-.jpg\" alt=\"transport\" itemprop=\"image\" data-no-lazy=\"1\" title=\"transport\" onerror=\"this.style.display='none'\"  \/>\n\t\t\t\t\t\t\t\t\t<h3 itemprop=\"headline\">\n\t\t\t\t\t\t\t\t\t\t\t\t\t\tAuglendsdalen roundabout\t\t\t\t\t\t\t\t\t\t\t<\/h3>\n    New intersection on Fv 4550 Auglendsdalen. The project was regulated to...\n\t<meta itemscope itemprop=\"mainEntityOfPage\" itemtype=\"https:\/\/schema.org\/WebPage\" itemid=\"http:\/\/1602\" content=\"Totalentreprise Fv 541 Sakseid\" \/><meta itemprop=\"datePublished\" content=\"2024-02-20\" \/><meta itemprop=\"dateModified\" content=\"2024-02-22\" \/><meta itemprop=\"name\" content=\"Vial\"\/><meta itemprop=\"url\" content=\"https:\/\/www-vial.wp2.hcweb.dev\/author\/administrator\/\" \/><meta itemprop=\"name\" content=\"administrator\" \/><meta itemprop=\"url\" content=\"https:\/\/www-vial.wp2.hcweb.dev\/wp-content\/uploads\/2022\/03\/DJI_0116-scaled.jpg\" \/><meta itemprop=\"width\" content=\"2560\" \/><meta itemprop=\"height\" content=\"1920\" \/><meta itemprop=\"interactionType\" content=\"https:\/\/schema.org\/CommentAction\" \/><meta itemprop=\"userInteractionCount\" content=\"0\" \/>\n\t\t\t\t\t<a href=\"https:\/\/www-vial.wp2.hcweb.dev\/en\/turnkey-contract-for-road-541-sakseid\/\" title=\"Turnkey contract Fv 541 Sakseid\"><\/a>\n\t\t\t\t<img decoding=\"async\" src=\"https:\/\/www-vial.wp2.hcweb.dev\/wp-content\/uploads\/bb-plugin\/cache\/DJI_0116-768x576-landscape-5f6b2aaf85e3e204a2b028a0fe103880-.jpg\" alt=\"default\" itemprop=\"image\" data-no-lazy=\"1\" title=\"default\" onerror=\"this.style.display='none'\"  \/>\n\t\t\t\t\t\t\t\t\t<h3 itemprop=\"headline\">\n\t\t\t\t\t\t\t\t\t\t\t\t\t\tTurnkey contract Fv 541 Sakseid\t\t\t\t\t\t\t\t\t\t\t<\/h3>\n    New 10km road on Fv 541 B\u00f8mlo. Project planning of complete...\n\t<meta itemscope itemprop=\"mainEntityOfPage\" itemtype=\"https:\/\/schema.org\/WebPage\" itemid=\"http:\/\/993\" content=\"Varhaug skule\" \/><meta itemprop=\"datePublished\" content=\"2022-03-14\" \/><meta itemprop=\"dateModified\" content=\"2024-02-22\" \/><meta itemprop=\"name\" content=\"Vial\"\/><meta itemprop=\"url\" content=\"https:\/\/www-vial.wp2.hcweb.dev\/author\/oevial-no\/\" \/><meta itemprop=\"name\" content=\"\u00d8yvind Engedal\" \/><meta itemprop=\"url\" content=\"https:\/\/www-vial.wp2.hcweb.dev\/wp-content\/uploads\/2022\/03\/Varhaug_skule-scaled.jpg\" \/><meta itemprop=\"width\" content=\"2560\" \/><meta itemprop=\"height\" content=\"1440\" \/><meta itemprop=\"interactionType\" content=\"https:\/\/schema.org\/CommentAction\" \/><meta itemprop=\"userInteractionCount\" content=\"0\" \/>\n\t\t\t\t\t<a href=\"https:\/\/www-vial.wp2.hcweb.dev\/en\/varhaug-school\/\" title=\"Varhaug school\"><\/a>\n\t\t\t\t<img decoding=\"async\" src=\"https:\/\/www-vial.wp2.hcweb.dev\/wp-content\/uploads\/bb-plugin\/cache\/Varhaug_skule-768x432-landscape-058019f069ba4b646fd3bb616cdfce0e-.jpg\" alt=\"DCIM100MEDIADJI_0388.JPG\" itemprop=\"image\" data-no-lazy=\"1\" title=\"DCIM100MEDIADJI_0388.JPG\" onerror=\"this.style.display='none'\"  \/>\n\t\t\t\t\t\t\t\t\t<h3 itemprop=\"headline\">\n\t\t\t\t\t\t\t\t\t\t\t\t\t\tVarhaug school\t\t\t\t\t\t\t\t\t\t\t<\/h3>\n    In this project, Vial has been responsible for the engineering of...\n\t<meta itemscope itemprop=\"mainEntityOfPage\" itemtype=\"https:\/\/schema.org\/WebPage\" itemid=\"http:\/\/982\" content=\"ASKO Oslofjord Byggetrinn 2\" \/><meta itemprop=\"datePublished\" content=\"2021-12-09\" \/><meta itemprop=\"dateModified\" content=\"2024-02-22\" \/><meta itemprop=\"name\" content=\"Vial\"\/><meta itemprop=\"url\" content=\"https:\/\/www-vial.wp2.hcweb.dev\/author\/oevial-no\/\" \/><meta itemprop=\"name\" content=\"\u00d8yvind Engedal\" \/><meta itemprop=\"url\" content=\"https:\/\/www-vial.wp2.hcweb.dev\/wp-content\/uploads\/2021\/12\/DJI_0260-scaled.jpg\" \/><meta itemprop=\"width\" content=\"2560\" \/><meta itemprop=\"height\" content=\"1707\" \/><meta itemprop=\"interactionType\" content=\"https:\/\/schema.org\/CommentAction\" \/><meta itemprop=\"userInteractionCount\" content=\"0\" \/>\n\t\t\t\t\t<a href=\"https:\/\/www-vial.wp2.hcweb.dev\/en\/asko-oslofjord-construction-stage-2\/\" title=\"ASKO Oslofjord Construction stage 2\"><\/a>\n\t\t\t\t<img decoding=\"async\" src=\"https:\/\/www-vial.wp2.hcweb.dev\/wp-content\/uploads\/bb-plugin\/cache\/DJI_0260-768x512-landscape-b4e7c5a03239eba8699482a7b21eb03c-.jpg\" alt=\"default\" itemprop=\"image\" data-no-lazy=\"1\" title=\"default\" onerror=\"this.style.display='none'\"  \/>\n\t\t\t\t\t\t\t\t\t<h3 itemprop=\"headline\">\n\t\t\t\t\t\t\t\t\t\t\t\t\t\tASKO Oslofjord Construction stage 2\t\t\t\t\t\t\t\t\t\t\t<\/h3>\n    In this project, Vial has prepared technical plans with a description...\n\t<meta itemscope itemprop=\"mainEntityOfPage\" itemtype=\"https:\/\/schema.org\/WebPage\" itemid=\"http:\/\/713\" content=\"North Sea Energy Park\" \/><meta itemprop=\"datePublished\" content=\"2020-07-01\" \/><meta itemprop=\"dateModified\" content=\"2024-02-22\" \/><meta itemprop=\"name\" content=\"Vial\"\/><meta itemprop=\"url\" content=\"https:\/\/www-vial.wp2.hcweb.dev\/author\/administrator\/\" \/><meta itemprop=\"name\" content=\"administrator\" \/><meta itemprop=\"url\" content=\"https:\/\/www-vial.wp2.hcweb.dev\/wp-content\/uploads\/2021\/11\/North-Sea-Energy-Park_Fotomontasje_2.jpg\" \/><meta itemprop=\"width\" content=\"1596\" \/><meta itemprop=\"height\" content=\"896\" \/><meta itemprop=\"interactionType\" content=\"https:\/\/schema.org\/CommentAction\" \/><meta itemprop=\"userInteractionCount\" content=\"0\" \/>\n\t\t\t\t\t<a href=\"https:\/\/www-vial.wp2.hcweb.dev\/en\/north-sea-energy-park-2\/\" title=\"North Sea Energy Park\"><\/a>\n\t\t\t\t<img decoding=\"async\" src=\"https:\/\/www-vial.wp2.hcweb.dev\/wp-content\/uploads\/bb-plugin\/cache\/North-Sea-Energy-Park_Fotomontasje_2-768x431-landscape-6dc8b2c0ccc23acf0200e797e25275c2-.jpg\" alt=\"North-Sea-Energy-Park_Photo montage_2\" itemprop=\"image\" data-no-lazy=\"1\" title=\"North-Sea-Energy-Park_Photo montage_2\" onerror=\"this.style.display='none'\"  \/>\n\t\t\t\t\t\t\t\t\t<h3 itemprop=\"headline\">\n\t\t\t\t\t\t\t\t\t\t\t\t\t\tNorth Sea Energy Park\t\t\t\t\t\t\t\t\t\t\t<\/h3>\n    We've been given the exciting task of regulating this...\n\t<meta itemscope itemprop=\"mainEntityOfPage\" itemtype=\"https:\/\/schema.org\/WebPage\" itemid=\"http:\/\/208\" content=\"Gartnerhagen\" \/><meta itemprop=\"datePublished\" content=\"2018-09-12\" \/><meta itemprop=\"dateModified\" content=\"2024-02-21\" \/><meta itemprop=\"name\" content=\"Vial\"\/><meta itemprop=\"url\" content=\"https:\/\/www-vial.wp2.hcweb.dev\/author\/administrator\/\" \/><meta itemprop=\"name\" content=\"administrator\" \/><meta itemprop=\"url\" content=\"https:\/\/www-vial.wp2.hcweb.dev\/wp-content\/uploads\/2018\/09\/Gartnerhagen1.jpg\" \/><meta itemprop=\"width\" content=\"4032\" \/><meta itemprop=\"height\" content=\"3024\" \/><meta itemprop=\"interactionType\" content=\"https:\/\/schema.org\/CommentAction\" \/><meta itemprop=\"userInteractionCount\" content=\"0\" \/>\n\t\t\t\t\t<a href=\"https:\/\/www-vial.wp2.hcweb.dev\/en\/horticultural-garden\/\" title=\"Gardener&#039;s garden\"><\/a>\n\t\t\t\t<img decoding=\"async\" src=\"https:\/\/www-vial.wp2.hcweb.dev\/wp-content\/uploads\/bb-plugin\/cache\/Gartnerhagen1-768x576-landscape-d1037fe79d8c958e55a45e2fe70faaae-.jpg\" alt=\"Garden centre1\" itemprop=\"image\" data-no-lazy=\"1\" title=\"Garden centre1\" onerror=\"this.style.display='none'\"  \/>\n\t\t\t\t\t\t\t\t\t<h3 itemprop=\"headline\">\n\t\t\t\t\t\t\t\t\t\t\t\t\t\tGardener's garden\t\t\t\t\t\t\t\t\t\t\t<\/h3>\n    Vial AS has designed concrete, concrete elements and building physics. The apartment block consists of...\n\t<meta itemscope itemprop=\"mainEntityOfPage\" itemtype=\"https:\/\/schema.org\/WebPage\" itemid=\"http:\/\/105\" content=\"Kannik Skole\" \/><meta itemprop=\"datePublished\" content=\"2017-10-26\" \/><meta itemprop=\"dateModified\" content=\"2024-02-22\" \/><meta itemprop=\"name\" content=\"Vial\"\/><meta itemprop=\"url\" content=\"https:\/\/www-vial.wp2.hcweb.dev\/author\/administrator\/\" \/><meta itemprop=\"name\" content=\"administrator\" \/><meta itemprop=\"url\" content=\"https:\/\/www-vial.wp2.hcweb.dev\/wp-content\/uploads\/2017\/10\/GOPR2217-16x9.jpg\" \/><meta itemprop=\"width\" content=\"4000\" \/><meta itemprop=\"height\" content=\"2250\" \/><meta itemprop=\"interactionType\" content=\"https:\/\/schema.org\/CommentAction\" \/><meta itemprop=\"userInteractionCount\" content=\"0\" \/>\n\t\t\t\t\t<a href=\"https:\/\/www-vial.wp2.hcweb.dev\/en\/kannik-school\/\" title=\"Kannik School\"><\/a>\n\t\t\t\t<img decoding=\"async\" src=\"https:\/\/www-vial.wp2.hcweb.dev\/wp-content\/uploads\/bb-plugin\/cache\/GOPR2217-16x9-768x432-landscape-1d2bb71f88238f0da2f05e7a178f68a5-.jpg\" alt=\"DCIM101GOPROGOPR2217.JPG\" itemprop=\"image\" data-no-lazy=\"1\" title=\"DCIM101GOPROGOPR2217.JPG\" onerror=\"this.style.display='none'\"  \/>\n\t\t\t\t\t\t\t\t\t<h3 itemprop=\"headline\">\n\t\t\t\t\t\t\t\t\t\t\t\t\t\tKannik School\t\t\t\t\t\t\t\t\t\t\t<\/h3>\n    Concrete contractor: Entrepren\u00f8r Geir Stangeland AS Extension to Kannik school. Visible...\n\t\t<!-- .pp-content-posts -->","protected":false},"excerpt":{"rendered":"<p>Projects See all See all Area plan Construction Infrastructure Nesbuvegen Joint design of technical plans for RFK's plans for... Auglendsdalen roundabout New intersection on Fv 4550 Auglendsdalen. The project was regulated to... Turnkey contract Fv 541 Sakseid New 10km road on Fv 541 B\u00f8mlo. Design of complete... Varhaug skule In this project, Vial has been responsible for the...<\/p>","protected":false},"author":1,"featured_media":0,"parent":0,"menu_order":0,"comment_status":"closed","ping_status":"closed","template":"","meta":{"_acf_changed":false,"inline_featured_image":false,"footnotes":""},"class_list":["post-1265","page","type-page","status-publish","hentry"],"acf":[],"yoast_head":"<!-- This site is optimized with the Yoast SEO plugin v27.3 - https:\/\/yoast.com\/product\/yoast-seo-wordpress\/ -->\n<title>Prosjekter - Vial<\/title>\n<meta name=\"robots\" content=\"noindex, follow, max-snippet:-1, max-image-preview:large, max-video-preview:-1\" \/>\n<meta property=\"og:locale\" content=\"en_GB\" \/>\n<meta property=\"og:type\" content=\"article\" \/>\n<meta property=\"og:title\" content=\"Prosjekter - Vial\" \/>\n<meta property=\"og:description\" content=\"Prosjekter Se alle Se alle Arealplan Bygg Infrastruktur Nesbuvegen Felles prosjektering av Tekniske planer for RFK sine planer for&#8230; Auglendsdalen rundkj\u00f8ring Nytt kryss p\u00e5 Fv 4550 Auglendsdalen. Prosjektet var regulert til&#8230; Totalentreprise Fv 541 Sakseid Ny 10km veg p\u00e5 Fv 541 B\u00f8mlo. Prosjektering av komplett&#8230; Varhaug skule I dette prosjektet har Vial v\u00e6rt ansvarlig for&hellip;\" \/>\n<meta property=\"og:url\" content=\"https:\/\/www-vial.wp2.hcweb.dev\/en\/projects\/\" \/>\n<meta property=\"og:site_name\" content=\"Vial\" \/>\n<meta property=\"article:publisher\" content=\"https:\/\/www.facebook.com\/vialvial\/\" \/>\n<meta property=\"article:modified_time\" content=\"2024-02-22T08:30:26+00:00\" \/>\n<meta property=\"og:image\" content=\"https:\/\/www-vial.wp2.hcweb.dev\/wp-content\/uploads\/bb-plugin\/cache\/1067_Nesbuvegen_Image-768x333-landscape-a43d5e70ce53e57e42b766ab44049fa9-.jpg\" \/>\n<meta name=\"twitter:card\" content=\"summary_large_image\" \/>\n<meta name=\"twitter:label1\" content=\"Estimated reading time\" \/>\n\t<meta name=\"twitter:data1\" content=\"3 minutes\" \/>\n<script type=\"application\/ld+json\" class=\"yoast-schema-graph\">{\"@context\":\"https:\\\/\\\/schema.org\",\"@graph\":[{\"@type\":\"WebPage\",\"@id\":\"https:\\\/\\\/www-vial.wp2.hcweb.dev\\\/prosjekter\\\/\",\"url\":\"https:\\\/\\\/www-vial.wp2.hcweb.dev\\\/prosjekter\\\/\",\"name\":\"Prosjekter - Vial\",\"isPartOf\":{\"@id\":\"https:\\\/\\\/www-vial.wp2.hcweb.dev\\\/#website\"},\"primaryImageOfPage\":{\"@id\":\"https:\\\/\\\/www-vial.wp2.hcweb.dev\\\/prosjekter\\\/#primaryimage\"},\"image\":{\"@id\":\"https:\\\/\\\/www-vial.wp2.hcweb.dev\\\/prosjekter\\\/#primaryimage\"},\"thumbnailUrl\":\"https:\\\/\\\/www-vial.wp2.hcweb.dev\\\/wp-content\\\/uploads\\\/bb-plugin\\\/cache\\\/1067_Nesbuvegen_Image-768x333-landscape-a43d5e70ce53e57e42b766ab44049fa9-.jpg\",\"datePublished\":\"2024-01-25T11:18:31+00:00\",\"dateModified\":\"2024-02-22T08:30:26+00:00\",\"breadcrumb\":{\"@id\":\"https:\\\/\\\/www-vial.wp2.hcweb.dev\\\/prosjekter\\\/#breadcrumb\"},\"inLanguage\":\"en-GB\",\"potentialAction\":[{\"@type\":\"ReadAction\",\"target\":[\"https:\\\/\\\/www-vial.wp2.hcweb.dev\\\/prosjekter\\\/\"]}]},{\"@type\":\"ImageObject\",\"inLanguage\":\"en-GB\",\"@id\":\"https:\\\/\\\/www-vial.wp2.hcweb.dev\\\/prosjekter\\\/#primaryimage\",\"url\":\"https:\\\/\\\/www-vial.wp2.hcweb.dev\\\/wp-content\\\/uploads\\\/bb-plugin\\\/cache\\\/1067_Nesbuvegen_Image-768x333-landscape-a43d5e70ce53e57e42b766ab44049fa9-.jpg\",\"contentUrl\":\"https:\\\/\\\/www-vial.wp2.hcweb.dev\\\/wp-content\\\/uploads\\\/bb-plugin\\\/cache\\\/1067_Nesbuvegen_Image-768x333-landscape-a43d5e70ce53e57e42b766ab44049fa9-.jpg\"},{\"@type\":\"BreadcrumbList\",\"@id\":\"https:\\\/\\\/www-vial.wp2.hcweb.dev\\\/prosjekter\\\/#breadcrumb\",\"itemListElement\":[{\"@type\":\"ListItem\",\"position\":1,\"name\":\"Hjem\",\"item\":\"https:\\\/\\\/www-vial.wp2.hcweb.dev\\\/\"},{\"@type\":\"ListItem\",\"position\":2,\"name\":\"Prosjekter\"}]},{\"@type\":\"WebSite\",\"@id\":\"https:\\\/\\\/www-vial.wp2.hcweb.dev\\\/#website\",\"url\":\"https:\\\/\\\/www-vial.wp2.hcweb.dev\\\/\",\"name\":\"Vial\",\"description\":\"Planlegging av infrastruktur og byggeteknikk\",\"publisher\":{\"@id\":\"https:\\\/\\\/www-vial.wp2.hcweb.dev\\\/#organization\"},\"potentialAction\":[{\"@type\":\"SearchAction\",\"target\":{\"@type\":\"EntryPoint\",\"urlTemplate\":\"https:\\\/\\\/www-vial.wp2.hcweb.dev\\\/?s={search_term_string}\"},\"query-input\":{\"@type\":\"PropertyValueSpecification\",\"valueRequired\":true,\"valueName\":\"search_term_string\"}}],\"inLanguage\":\"en-GB\"},{\"@type\":\"Organization\",\"@id\":\"https:\\\/\\\/www-vial.wp2.hcweb.dev\\\/#organization\",\"name\":\"Vial AS\",\"alternateName\":\"Vial\",\"url\":\"https:\\\/\\\/www-vial.wp2.hcweb.dev\\\/\",\"logo\":{\"@type\":\"ImageObject\",\"inLanguage\":\"en-GB\",\"@id\":\"https:\\\/\\\/www-vial.wp2.hcweb.dev\\\/#\\\/schema\\\/logo\\\/image\\\/\",\"url\":\"https:\\\/\\\/www-vial.wp2.hcweb.dev\\\/wp-content\\\/uploads\\\/2024\\\/01\\\/vial-logo-roed.svg\",\"contentUrl\":\"https:\\\/\\\/www-vial.wp2.hcweb.dev\\\/wp-content\\\/uploads\\\/2024\\\/01\\\/vial-logo-roed.svg\",\"width\":142,\"height\":77,\"caption\":\"Vial AS\"},\"image\":{\"@id\":\"https:\\\/\\\/www-vial.wp2.hcweb.dev\\\/#\\\/schema\\\/logo\\\/image\\\/\"},\"sameAs\":[\"https:\\\/\\\/www.facebook.com\\\/vialvial\\\/\"]}]}<\/script>\n<!-- \/ Yoast SEO plugin. -->","yoast_head_json":{"title":"Projects - Vial","robots":{"index":"noindex","follow":"follow","max-snippet":"max-snippet:-1","max-image-preview":"max-image-preview:large","max-video-preview":"max-video-preview:-1"},"og_locale":"en_GB","og_type":"article","og_title":"Prosjekter - Vial","og_description":"Prosjekter Se alle Se alle Arealplan Bygg Infrastruktur Nesbuvegen Felles prosjektering av Tekniske planer for RFK sine planer for&#8230; Auglendsdalen rundkj\u00f8ring Nytt kryss p\u00e5 Fv 4550 Auglendsdalen. Prosjektet var regulert til&#8230; Totalentreprise Fv 541 Sakseid Ny 10km veg p\u00e5 Fv 541 B\u00f8mlo. Prosjektering av komplett&#8230; Varhaug skule I dette prosjektet har Vial v\u00e6rt ansvarlig for&hellip;","og_url":"https:\/\/www-vial.wp2.hcweb.dev\/en\/projects\/","og_site_name":"Vial","article_publisher":"https:\/\/www.facebook.com\/vialvial\/","article_modified_time":"2024-02-22T08:30:26+00:00","og_image":[{"url":"https:\/\/www-vial.wp2.hcweb.dev\/wp-content\/uploads\/bb-plugin\/cache\/1067_Nesbuvegen_Image-768x333-landscape-a43d5e70ce53e57e42b766ab44049fa9-.jpg","type":"","width":"","height":""}],"twitter_card":"summary_large_image","twitter_misc":{"Estimated reading time":"3 minutes"},"schema":{"@context":"https:\/\/schema.org","@graph":[{"@type":"WebPage","@id":"https:\/\/www-vial.wp2.hcweb.dev\/prosjekter\/","url":"https:\/\/www-vial.wp2.hcweb.dev\/prosjekter\/","name":"Projects - Vial","isPartOf":{"@id":"https:\/\/www-vial.wp2.hcweb.dev\/#website"},"primaryImageOfPage":{"@id":"https:\/\/www-vial.wp2.hcweb.dev\/prosjekter\/#primaryimage"},"image":{"@id":"https:\/\/www-vial.wp2.hcweb.dev\/prosjekter\/#primaryimage"},"thumbnailUrl":"https:\/\/www-vial.wp2.hcweb.dev\/wp-content\/uploads\/bb-plugin\/cache\/1067_Nesbuvegen_Image-768x333-landscape-a43d5e70ce53e57e42b766ab44049fa9-.jpg","datePublished":"2024-01-25T11:18:31+00:00","dateModified":"2024-02-22T08:30:26+00:00","breadcrumb":{"@id":"https:\/\/www-vial.wp2.hcweb.dev\/prosjekter\/#breadcrumb"},"inLanguage":"en-GB","potentialAction":[{"@type":"ReadAction","target":["https:\/\/www-vial.wp2.hcweb.dev\/prosjekter\/"]}]},{"@type":"ImageObject","inLanguage":"en-GB","@id":"https:\/\/www-vial.wp2.hcweb.dev\/prosjekter\/#primaryimage","url":"https:\/\/www-vial.wp2.hcweb.dev\/wp-content\/uploads\/bb-plugin\/cache\/1067_Nesbuvegen_Image-768x333-landscape-a43d5e70ce53e57e42b766ab44049fa9-.jpg","contentUrl":"https:\/\/www-vial.wp2.hcweb.dev\/wp-content\/uploads\/bb-plugin\/cache\/1067_Nesbuvegen_Image-768x333-landscape-a43d5e70ce53e57e42b766ab44049fa9-.jpg"},{"@type":"BreadcrumbList","@id":"https:\/\/www-vial.wp2.hcweb.dev\/prosjekter\/#breadcrumb","itemListElement":[{"@type":"ListItem","position":1,"name":"Hjem","item":"https:\/\/www-vial.wp2.hcweb.dev\/"},{"@type":"ListItem","position":2,"name":"Prosjekter"}]},{"@type":"WebSite","@id":"https:\/\/www-vial.wp2.hcweb.dev\/#website","url":"https:\/\/www-vial.wp2.hcweb.dev\/","name":"Vial","description":"Planning of infrastructure and building technology","publisher":{"@id":"https:\/\/www-vial.wp2.hcweb.dev\/#organization"},"potentialAction":[{"@type":"SearchAction","target":{"@type":"EntryPoint","urlTemplate":"https:\/\/www-vial.wp2.hcweb.dev\/?s={search_term_string}"},"query-input":{"@type":"PropertyValueSpecification","valueRequired":true,"valueName":"search_term_string"}}],"inLanguage":"en-GB"},{"@type":"Organization","@id":"https:\/\/www-vial.wp2.hcweb.dev\/#organization","name":"Vial AS","alternateName":"Vial","url":"https:\/\/www-vial.wp2.hcweb.dev\/","logo":{"@type":"ImageObject","inLanguage":"en-GB","@id":"https:\/\/www-vial.wp2.hcweb.dev\/#\/schema\/logo\/image\/","url":"https:\/\/www-vial.wp2.hcweb.dev\/wp-content\/uploads\/2024\/01\/vial-logo-roed.svg","contentUrl":"https:\/\/www-vial.wp2.hcweb.dev\/wp-content\/uploads\/2024\/01\/vial-logo-roed.svg","width":142,"height":77,"caption":"Vial AS"},"image":{"@id":"https:\/\/www-vial.wp2.hcweb.dev\/#\/schema\/logo\/image\/"},"sameAs":["https:\/\/www.facebook.com\/vialvial\/"]}]}},"_links":{"self":[{"href":"https:\/\/www-vial.wp2.hcweb.dev\/en\/wp-json\/wp\/v2\/pages\/1265","targetHints":{"allow":["GET"]}}],"collection":[{"href":"https:\/\/www-vial.wp2.hcweb.dev\/en\/wp-json\/wp\/v2\/pages"}],"about":[{"href":"https:\/\/www-vial.wp2.hcweb.dev\/en\/wp-json\/wp\/v2\/types\/page"}],"author":[{"embeddable":true,"href":"https:\/\/www-vial.wp2.hcweb.dev\/en\/wp-json\/wp\/v2\/users\/1"}],"replies":[{"embeddable":true,"href":"https:\/\/www-vial.wp2.hcweb.dev\/en\/wp-json\/wp\/v2\/comments?post=1265"}],"version-history":[{"count":14,"href":"https:\/\/www-vial.wp2.hcweb.dev\/en\/wp-json\/wp\/v2\/pages\/1265\/revisions"}],"predecessor-version":[{"id":1706,"href":"https:\/\/www-vial.wp2.hcweb.dev\/en\/wp-json\/wp\/v2\/pages\/1265\/revisions\/1706"}],"wp:attachment":[{"href":"https:\/\/www-vial.wp2.hcweb.dev\/en\/wp-json\/wp\/v2\/media?parent=1265"}],"curies":[{"name":"wp","href":"https:\/\/api.w.org\/{rel}","templated":true}]}}