{"id":1248,"date":"2024-01-12T14:34:14","date_gmt":"2024-01-12T13:34:14","guid":{"rendered":"https:\/\/www-vial.wp2.hcweb.dev\/?page_id=1248"},"modified":"2026-02-06T07:19:07","modified_gmt":"2026-02-06T06:19:07","slug":"landscapes","status":"publish","type":"page","link":"https:\/\/www-vial.wp2.hcweb.dev\/en\/tjenester\/landskap\/","title":{"rendered":"Landscape"},"content":{"rendered":"<nav id=\"breadcrumbs\" aria-label=\"Breadcrumbs\"><a href=\"https:\/\/www-vial.wp2.hcweb.dev\/en\/\">Home<\/a> \" <a href=\"https:\/\/www-vial.wp2.hcweb.dev\/en\/favours\/\">Services<\/a> \" Landscape<\/nav>\n\t<p>We offer landscape architecture services ranging from early phase assessments to the preparation of preliminary projects. We have experience in designing green spaces, industrial areas, community facilities, urban spaces, school playgrounds and outdoor areas for private and public organisations. Our experience enables us to offer good technical solutions, universal design, good use of materials and terrain adaptation. All our projects are illustrated and modelled for good interaction in the project.<\/p>\n<figure itemscope itemtype=\"https:\/\/schema.org\/ImageObject\">\n\t\t\t\t<img decoding=\"async\" src=\"https:\/\/www-vial.wp2.hcweb.dev\/wp-content\/uploads\/2024\/02\/Trafo-2_NSEP-1400x800-1.jpg\" alt=\"Trafo-2_NSEP-1400x800\" height=\"800\" width=\"1400\" title=\"Trafo-2_NSEP-1400x800\" onerror=\"this.style.display='none'\" loading=\"lazy\" \/>\n\t<\/figure>\n\t<h2>Preparation of:<\/h2>\n<ul>\n<li>Outdoor plans<\/li>\n<li>Site analyses\/studies<\/li>\n<li>Plant planner<\/li>\n<li>Green plans<\/li>\n<li>Splicing plans<\/li>\n<\/ul>\n<figure itemscope itemtype=\"https:\/\/schema.org\/ImageObject\">\n\t\t\t\t<img decoding=\"async\" src=\"https:\/\/www-vial.wp2.hcweb.dev\/wp-content\/uploads\/2024\/02\/710-Tengs_01_Mot-sor-ost2-scaled.jpg\" alt=\"710 Tengs_01_Towards south-east2\" height=\"1440\" width=\"2560\" title=\"710 Tengs_01_Towards south-east2\" onerror=\"this.style.display='none'\" loading=\"lazy\" \/>\n\t<\/figure>","protected":false},"excerpt":{"rendered":"<p>Home \u00bb Services \u00bb Landscape We offer landscape architecture services from early phase studies to the preparation of preliminary projects. We have experience in designing green spaces, industrial areas, community facilities, urban spaces, school playgrounds and outdoor areas for private and public organisations. Our experience enables us to offer good technical solutions, universal design, good use of materials and terrain adaptation. All our projects are...<\/p>","protected":false},"author":1,"featured_media":0,"parent":9,"menu_order":0,"comment_status":"closed","ping_status":"closed","template":"","meta":{"_acf_changed":false,"inline_featured_image":false,"footnotes":""},"class_list":["post-1248","page","type-page","status-publish","hentry"],"acf":[],"yoast_head":"<!-- This site is optimized with the Yoast SEO plugin v27.3 - https:\/\/yoast.com\/product\/yoast-seo-wordpress\/ -->\n<title>Landskap - Vial<\/title>\n<meta name=\"robots\" content=\"noindex, follow, max-snippet:-1, max-image-preview:large, max-video-preview:-1\" \/>\n<meta property=\"og:locale\" content=\"en_GB\" \/>\n<meta property=\"og:type\" content=\"article\" \/>\n<meta property=\"og:title\" content=\"Landskap - Vial\" \/>\n<meta property=\"og:description\" content=\"Hjem \u00bb Tjenester \u00bb Landskap Vi tilbyr tjenester innen landskapsarkitektur fra tidligfaseutredninger til utarbeidelse av forprosjekt.. Vi har erfaring fra utforming av gr\u00f8ntarealer, industriomr\u00e5der, n\u00e6rmilj\u00f8anlegg, byrom, lekeomr\u00e5der p\u00e5 skoler og uteomr\u00e5der for private og offentlige. V\u00e5re erfaringer gj\u00f8r at vi kan tilby gode tekniske l\u00f8sninger, universell utforming, god materialbruk og terrengtilpassing. Alle v\u00e5re prosjekter blir&hellip;\" \/>\n<meta property=\"og:url\" content=\"https:\/\/www-vial.wp2.hcweb.dev\/en\/favours\/landscapes\/\" \/>\n<meta property=\"og:site_name\" content=\"Vial\" \/>\n<meta property=\"article:publisher\" content=\"https:\/\/www.facebook.com\/vialvial\/\" \/>\n<meta property=\"article:modified_time\" content=\"2026-02-06T06:19:07+00:00\" \/>\n<meta property=\"og:image\" content=\"https:\/\/www-vial.wp2.hcweb.dev\/wp-content\/uploads\/2024\/02\/Trafo-2_NSEP-1400x800-1.jpg\" \/>\n<meta name=\"twitter:card\" content=\"summary_large_image\" \/>\n<meta name=\"twitter:label1\" content=\"Estimated reading time\" \/>\n\t<meta name=\"twitter:data1\" content=\"1 minute\" \/>\n<script type=\"application\/ld+json\" class=\"yoast-schema-graph\">{\"@context\":\"https:\\\/\\\/schema.org\",\"@graph\":[{\"@type\":\"WebPage\",\"@id\":\"https:\\\/\\\/www-vial.wp2.hcweb.dev\\\/tjenester\\\/landskap\\\/\",\"url\":\"https:\\\/\\\/www-vial.wp2.hcweb.dev\\\/tjenester\\\/landskap\\\/\",\"name\":\"Landskap - Vial\",\"isPartOf\":{\"@id\":\"https:\\\/\\\/www-vial.wp2.hcweb.dev\\\/#website\"},\"primaryImageOfPage\":{\"@id\":\"https:\\\/\\\/www-vial.wp2.hcweb.dev\\\/tjenester\\\/landskap\\\/#primaryimage\"},\"image\":{\"@id\":\"https:\\\/\\\/www-vial.wp2.hcweb.dev\\\/tjenester\\\/landskap\\\/#primaryimage\"},\"thumbnailUrl\":\"https:\\\/\\\/www-vial.wp2.hcweb.dev\\\/wp-content\\\/uploads\\\/2024\\\/02\\\/Trafo-2_NSEP-1400x800-1.jpg\",\"datePublished\":\"2024-01-12T13:34:14+00:00\",\"dateModified\":\"2026-02-06T06:19:07+00:00\",\"breadcrumb\":{\"@id\":\"https:\\\/\\\/www-vial.wp2.hcweb.dev\\\/tjenester\\\/landskap\\\/#breadcrumb\"},\"inLanguage\":\"en-GB\",\"potentialAction\":[{\"@type\":\"ReadAction\",\"target\":[\"https:\\\/\\\/www-vial.wp2.hcweb.dev\\\/tjenester\\\/landskap\\\/\"]}]},{\"@type\":\"ImageObject\",\"inLanguage\":\"en-GB\",\"@id\":\"https:\\\/\\\/www-vial.wp2.hcweb.dev\\\/tjenester\\\/landskap\\\/#primaryimage\",\"url\":\"https:\\\/\\\/www-vial.wp2.hcweb.dev\\\/wp-content\\\/uploads\\\/2024\\\/02\\\/Trafo-2_NSEP-1400x800-1.jpg\",\"contentUrl\":\"https:\\\/\\\/www-vial.wp2.hcweb.dev\\\/wp-content\\\/uploads\\\/2024\\\/02\\\/Trafo-2_NSEP-1400x800-1.jpg\"},{\"@type\":\"BreadcrumbList\",\"@id\":\"https:\\\/\\\/www-vial.wp2.hcweb.dev\\\/tjenester\\\/landskap\\\/#breadcrumb\",\"itemListElement\":[{\"@type\":\"ListItem\",\"position\":1,\"name\":\"Hjem\",\"item\":\"https:\\\/\\\/www-vial.wp2.hcweb.dev\\\/\"},{\"@type\":\"ListItem\",\"position\":2,\"name\":\"Tjenester\",\"item\":\"https:\\\/\\\/www-vial.wp2.hcweb.dev\\\/tjenester\\\/\"},{\"@type\":\"ListItem\",\"position\":3,\"name\":\"Landskap\"}]},{\"@type\":\"WebSite\",\"@id\":\"https:\\\/\\\/www-vial.wp2.hcweb.dev\\\/#website\",\"url\":\"https:\\\/\\\/www-vial.wp2.hcweb.dev\\\/\",\"name\":\"Vial\",\"description\":\"Planlegging av infrastruktur og byggeteknikk\",\"publisher\":{\"@id\":\"https:\\\/\\\/www-vial.wp2.hcweb.dev\\\/#organization\"},\"potentialAction\":[{\"@type\":\"SearchAction\",\"target\":{\"@type\":\"EntryPoint\",\"urlTemplate\":\"https:\\\/\\\/www-vial.wp2.hcweb.dev\\\/?s={search_term_string}\"},\"query-input\":{\"@type\":\"PropertyValueSpecification\",\"valueRequired\":true,\"valueName\":\"search_term_string\"}}],\"inLanguage\":\"en-GB\"},{\"@type\":\"Organization\",\"@id\":\"https:\\\/\\\/www-vial.wp2.hcweb.dev\\\/#organization\",\"name\":\"Vial AS\",\"alternateName\":\"Vial\",\"url\":\"https:\\\/\\\/www-vial.wp2.hcweb.dev\\\/\",\"logo\":{\"@type\":\"ImageObject\",\"inLanguage\":\"en-GB\",\"@id\":\"https:\\\/\\\/www-vial.wp2.hcweb.dev\\\/#\\\/schema\\\/logo\\\/image\\\/\",\"url\":\"https:\\\/\\\/www-vial.wp2.hcweb.dev\\\/wp-content\\\/uploads\\\/2024\\\/01\\\/vial-logo-roed.svg\",\"contentUrl\":\"https:\\\/\\\/www-vial.wp2.hcweb.dev\\\/wp-content\\\/uploads\\\/2024\\\/01\\\/vial-logo-roed.svg\",\"width\":142,\"height\":77,\"caption\":\"Vial AS\"},\"image\":{\"@id\":\"https:\\\/\\\/www-vial.wp2.hcweb.dev\\\/#\\\/schema\\\/logo\\\/image\\\/\"},\"sameAs\":[\"https:\\\/\\\/www.facebook.com\\\/vialvial\\\/\"]}]}<\/script>\n<!-- \/ Yoast SEO plugin. -->","yoast_head_json":{"title":"Landscape - Vial","robots":{"index":"noindex","follow":"follow","max-snippet":"max-snippet:-1","max-image-preview":"max-image-preview:large","max-video-preview":"max-video-preview:-1"},"og_locale":"en_GB","og_type":"article","og_title":"Landskap - Vial","og_description":"Hjem \u00bb Tjenester \u00bb Landskap Vi tilbyr tjenester innen landskapsarkitektur fra tidligfaseutredninger til utarbeidelse av forprosjekt.. Vi har erfaring fra utforming av gr\u00f8ntarealer, industriomr\u00e5der, n\u00e6rmilj\u00f8anlegg, byrom, lekeomr\u00e5der p\u00e5 skoler og uteomr\u00e5der for private og offentlige. V\u00e5re erfaringer gj\u00f8r at vi kan tilby gode tekniske l\u00f8sninger, universell utforming, god materialbruk og terrengtilpassing. Alle v\u00e5re prosjekter blir&hellip;","og_url":"https:\/\/www-vial.wp2.hcweb.dev\/en\/favours\/landscapes\/","og_site_name":"Vial","article_publisher":"https:\/\/www.facebook.com\/vialvial\/","article_modified_time":"2026-02-06T06:19:07+00:00","og_image":[{"url":"https:\/\/www-vial.wp2.hcweb.dev\/wp-content\/uploads\/2024\/02\/Trafo-2_NSEP-1400x800-1.jpg","type":"","width":"","height":""}],"twitter_card":"summary_large_image","twitter_misc":{"Estimated reading time":"1 minute"},"schema":{"@context":"https:\/\/schema.org","@graph":[{"@type":"WebPage","@id":"https:\/\/www-vial.wp2.hcweb.dev\/tjenester\/landskap\/","url":"https:\/\/www-vial.wp2.hcweb.dev\/tjenester\/landskap\/","name":"Landscape - Vial","isPartOf":{"@id":"https:\/\/www-vial.wp2.hcweb.dev\/#website"},"primaryImageOfPage":{"@id":"https:\/\/www-vial.wp2.hcweb.dev\/tjenester\/landskap\/#primaryimage"},"image":{"@id":"https:\/\/www-vial.wp2.hcweb.dev\/tjenester\/landskap\/#primaryimage"},"thumbnailUrl":"https:\/\/www-vial.wp2.hcweb.dev\/wp-content\/uploads\/2024\/02\/Trafo-2_NSEP-1400x800-1.jpg","datePublished":"2024-01-12T13:34:14+00:00","dateModified":"2026-02-06T06:19:07+00:00","breadcrumb":{"@id":"https:\/\/www-vial.wp2.hcweb.dev\/tjenester\/landskap\/#breadcrumb"},"inLanguage":"en-GB","potentialAction":[{"@type":"ReadAction","target":["https:\/\/www-vial.wp2.hcweb.dev\/tjenester\/landskap\/"]}]},{"@type":"ImageObject","inLanguage":"en-GB","@id":"https:\/\/www-vial.wp2.hcweb.dev\/tjenester\/landskap\/#primaryimage","url":"https:\/\/www-vial.wp2.hcweb.dev\/wp-content\/uploads\/2024\/02\/Trafo-2_NSEP-1400x800-1.jpg","contentUrl":"https:\/\/www-vial.wp2.hcweb.dev\/wp-content\/uploads\/2024\/02\/Trafo-2_NSEP-1400x800-1.jpg"},{"@type":"BreadcrumbList","@id":"https:\/\/www-vial.wp2.hcweb.dev\/tjenester\/landskap\/#breadcrumb","itemListElement":[{"@type":"ListItem","position":1,"name":"Hjem","item":"https:\/\/www-vial.wp2.hcweb.dev\/"},{"@type":"ListItem","position":2,"name":"Tjenester","item":"https:\/\/www-vial.wp2.hcweb.dev\/tjenester\/"},{"@type":"ListItem","position":3,"name":"Landskap"}]},{"@type":"WebSite","@id":"https:\/\/www-vial.wp2.hcweb.dev\/#website","url":"https:\/\/www-vial.wp2.hcweb.dev\/","name":"Vial","description":"Planning of infrastructure and building technology","publisher":{"@id":"https:\/\/www-vial.wp2.hcweb.dev\/#organization"},"potentialAction":[{"@type":"SearchAction","target":{"@type":"EntryPoint","urlTemplate":"https:\/\/www-vial.wp2.hcweb.dev\/?s={search_term_string}"},"query-input":{"@type":"PropertyValueSpecification","valueRequired":true,"valueName":"search_term_string"}}],"inLanguage":"en-GB"},{"@type":"Organization","@id":"https:\/\/www-vial.wp2.hcweb.dev\/#organization","name":"Vial AS","alternateName":"Vial","url":"https:\/\/www-vial.wp2.hcweb.dev\/","logo":{"@type":"ImageObject","inLanguage":"en-GB","@id":"https:\/\/www-vial.wp2.hcweb.dev\/#\/schema\/logo\/image\/","url":"https:\/\/www-vial.wp2.hcweb.dev\/wp-content\/uploads\/2024\/01\/vial-logo-roed.svg","contentUrl":"https:\/\/www-vial.wp2.hcweb.dev\/wp-content\/uploads\/2024\/01\/vial-logo-roed.svg","width":142,"height":77,"caption":"Vial AS"},"image":{"@id":"https:\/\/www-vial.wp2.hcweb.dev\/#\/schema\/logo\/image\/"},"sameAs":["https:\/\/www.facebook.com\/vialvial\/"]}]}},"_links":{"self":[{"href":"https:\/\/www-vial.wp2.hcweb.dev\/en\/wp-json\/wp\/v2\/pages\/1248","targetHints":{"allow":["GET"]}}],"collection":[{"href":"https:\/\/www-vial.wp2.hcweb.dev\/en\/wp-json\/wp\/v2\/pages"}],"about":[{"href":"https:\/\/www-vial.wp2.hcweb.dev\/en\/wp-json\/wp\/v2\/types\/page"}],"author":[{"embeddable":true,"href":"https:\/\/www-vial.wp2.hcweb.dev\/en\/wp-json\/wp\/v2\/users\/1"}],"replies":[{"embeddable":true,"href":"https:\/\/www-vial.wp2.hcweb.dev\/en\/wp-json\/wp\/v2\/comments?post=1248"}],"version-history":[{"count":8,"href":"https:\/\/www-vial.wp2.hcweb.dev\/en\/wp-json\/wp\/v2\/pages\/1248\/revisions"}],"predecessor-version":[{"id":1972,"href":"https:\/\/www-vial.wp2.hcweb.dev\/en\/wp-json\/wp\/v2\/pages\/1248\/revisions\/1972"}],"up":[{"embeddable":true,"href":"https:\/\/www-vial.wp2.hcweb.dev\/en\/wp-json\/wp\/v2\/pages\/9"}],"wp:attachment":[{"href":"https:\/\/www-vial.wp2.hcweb.dev\/en\/wp-json\/wp\/v2\/media?parent=1248"}],"curies":[{"name":"wp","href":"https:\/\/api.w.org\/{rel}","templated":true}]}}