{"id":1246,"date":"2024-01-12T14:33:48","date_gmt":"2024-01-12T13:33:48","guid":{"rendered":"https:\/\/www-vial.wp2.hcweb.dev\/?page_id=1246"},"modified":"2024-03-09T21:32:00","modified_gmt":"2024-03-09T20:32:00","slug":"water-and-sewage","status":"publish","type":"page","link":"https:\/\/www-vial.wp2.hcweb.dev\/en\/tjenester\/vann-og-avlop\/","title":{"rendered":"Water and wastewater"},"content":{"rendered":"<nav id=\"breadcrumbs\" aria-label=\"Breadcrumbs\"><a href=\"https:\/\/www-vial.wp2.hcweb.dev\/en\/\">Home<\/a> \" <a href=\"https:\/\/www-vial.wp2.hcweb.dev\/en\/favours\/\">Services<\/a> \" Water and sewerage<\/nav>\n\t<p>Project and design management for municipal engineering in the preparation of zoning plans and technical plans for water and wastewater facilities.<\/p>\n<p>Our focus is on good technical solutions, buildability and efficiency using the latest technology, and efficient design methodology (VDC) for good collaboration and progress.<\/p>\n\t\t\t\t<img loading=\"lazy\" decoding=\"async\" src=\"https:\/\/www-vial.wp2.hcweb.dev\/wp-content\/uploads\/2024\/02\/1067_Tekniske-planer-Nesbuvegen.jpg\" alt=\"1067_Technical plans Nesbuvegen\" itemprop=\"image\" height=\"1239\" width=\"2189\" title=\"1067_Technical plans Nesbuvegen\" onerror=\"this.style.display='none'\"  \/>\n\t<h2>Preparation of:<\/h2>\n<ul>\n<li>Technical plans for water and wastewater, pumping stations etc.<\/li>\n<li>VA framework plans for residential and commercial areas<\/li>\n<li>Stormwater calculations and solutions for stormwater management<\/li>\n<li>Hydraulic simulations for smaller catchment areas<\/li>\n<li>Preparation of cost estimates and description within NS 3420 and the process code<\/li>\n<li>Preparation of tender documents, call for tenders and evaluation of tenderers<\/li>\n<li>Follow-up in the construction phase<\/li>\n<\/ul>\n\t\t\t\t<img loading=\"lazy\" decoding=\"async\" src=\"https:\/\/www-vial.wp2.hcweb.dev\/wp-content\/uploads\/2022\/03\/DJI_0116-scaled.jpg\" alt=\"default\" itemprop=\"image\" height=\"1920\" width=\"2560\" title=\"default\" onerror=\"this.style.display='none'\"  \/>","protected":false},"excerpt":{"rendered":"<p>Home \" Services \" Water and wastewater Project and design management for municipal engineering in the preparation of zoning plans and technical plans for water and wastewater systems. Our focus is on good technical solutions, constructability and efficiency using the latest technology, and effective design methodology (VDC) for good collaboration and progress. Preparation of: Technical plans for water and wastewater,...<\/p>","protected":false},"author":1,"featured_media":0,"parent":9,"menu_order":0,"comment_status":"closed","ping_status":"closed","template":"","meta":{"_acf_changed":false,"inline_featured_image":false,"footnotes":""},"class_list":["post-1246","page","type-page","status-publish","hentry"],"acf":[],"yoast_head":"<!-- This site is optimized with the Yoast SEO plugin v27.3 - https:\/\/yoast.com\/product\/yoast-seo-wordpress\/ -->\n<title>Vann og avl\u00f8p - Vial<\/title>\n<meta name=\"robots\" content=\"noindex, follow, max-snippet:-1, max-image-preview:large, max-video-preview:-1\" \/>\n<meta property=\"og:locale\" content=\"en_GB\" \/>\n<meta property=\"og:type\" content=\"article\" \/>\n<meta property=\"og:title\" content=\"Vann og avl\u00f8p - Vial\" \/>\n<meta property=\"og:description\" content=\"Hjem \u00bb Tjenester \u00bb Vann og avl\u00f8p Prosjekt og prosjekteringsledelse for kommunalteknikk ved utarbeidelse av reguleringsplaner og tekniske planer for vann og avl\u00f8psanlegg. V\u00e5rt fokus er p\u00e5 gode tekniske l\u00f8sninger, byggbarhet og effektivitet ved bruk av nyeste teknologi, og effektiv prosjekteringsmetodikk (VDC) for god samhandling og fremdrift. Utarbeidelse av: Tekniske planer for vann og avl\u00f8p,&hellip;\" \/>\n<meta property=\"og:url\" content=\"https:\/\/www-vial.wp2.hcweb.dev\/en\/favours\/water-and-sewage\/\" \/>\n<meta property=\"og:site_name\" content=\"Vial\" \/>\n<meta property=\"article:publisher\" content=\"https:\/\/www.facebook.com\/vialvial\/\" \/>\n<meta property=\"article:modified_time\" content=\"2024-03-09T20:32:00+00:00\" \/>\n<meta property=\"og:image\" content=\"https:\/\/www-vial.wp2.hcweb.dev\/wp-content\/uploads\/2024\/02\/1067_Tekniske-planer-Nesbuvegen.jpg\" \/>\n<meta name=\"twitter:card\" content=\"summary_large_image\" \/>\n<script type=\"application\/ld+json\" class=\"yoast-schema-graph\">{\"@context\":\"https:\\\/\\\/schema.org\",\"@graph\":[{\"@type\":\"WebPage\",\"@id\":\"https:\\\/\\\/www-vial.wp2.hcweb.dev\\\/tjenester\\\/vann-og-avlop\\\/\",\"url\":\"https:\\\/\\\/www-vial.wp2.hcweb.dev\\\/tjenester\\\/vann-og-avlop\\\/\",\"name\":\"Vann og avl\u00f8p - Vial\",\"isPartOf\":{\"@id\":\"https:\\\/\\\/www-vial.wp2.hcweb.dev\\\/#website\"},\"primaryImageOfPage\":{\"@id\":\"https:\\\/\\\/www-vial.wp2.hcweb.dev\\\/tjenester\\\/vann-og-avlop\\\/#primaryimage\"},\"image\":{\"@id\":\"https:\\\/\\\/www-vial.wp2.hcweb.dev\\\/tjenester\\\/vann-og-avlop\\\/#primaryimage\"},\"thumbnailUrl\":\"https:\\\/\\\/www-vial.wp2.hcweb.dev\\\/wp-content\\\/uploads\\\/2024\\\/02\\\/1067_Tekniske-planer-Nesbuvegen.jpg\",\"datePublished\":\"2024-01-12T13:33:48+00:00\",\"dateModified\":\"2024-03-09T20:32:00+00:00\",\"breadcrumb\":{\"@id\":\"https:\\\/\\\/www-vial.wp2.hcweb.dev\\\/tjenester\\\/vann-og-avlop\\\/#breadcrumb\"},\"inLanguage\":\"en-GB\",\"potentialAction\":[{\"@type\":\"ReadAction\",\"target\":[\"https:\\\/\\\/www-vial.wp2.hcweb.dev\\\/tjenester\\\/vann-og-avlop\\\/\"]}]},{\"@type\":\"ImageObject\",\"inLanguage\":\"en-GB\",\"@id\":\"https:\\\/\\\/www-vial.wp2.hcweb.dev\\\/tjenester\\\/vann-og-avlop\\\/#primaryimage\",\"url\":\"https:\\\/\\\/www-vial.wp2.hcweb.dev\\\/wp-content\\\/uploads\\\/2024\\\/02\\\/1067_Tekniske-planer-Nesbuvegen.jpg\",\"contentUrl\":\"https:\\\/\\\/www-vial.wp2.hcweb.dev\\\/wp-content\\\/uploads\\\/2024\\\/02\\\/1067_Tekniske-planer-Nesbuvegen.jpg\"},{\"@type\":\"BreadcrumbList\",\"@id\":\"https:\\\/\\\/www-vial.wp2.hcweb.dev\\\/tjenester\\\/vann-og-avlop\\\/#breadcrumb\",\"itemListElement\":[{\"@type\":\"ListItem\",\"position\":1,\"name\":\"Hjem\",\"item\":\"https:\\\/\\\/www-vial.wp2.hcweb.dev\\\/\"},{\"@type\":\"ListItem\",\"position\":2,\"name\":\"Tjenester\",\"item\":\"https:\\\/\\\/www-vial.wp2.hcweb.dev\\\/tjenester\\\/\"},{\"@type\":\"ListItem\",\"position\":3,\"name\":\"Vann og avl\u00f8p\"}]},{\"@type\":\"WebSite\",\"@id\":\"https:\\\/\\\/www-vial.wp2.hcweb.dev\\\/#website\",\"url\":\"https:\\\/\\\/www-vial.wp2.hcweb.dev\\\/\",\"name\":\"Vial\",\"description\":\"Planlegging av infrastruktur og byggeteknikk\",\"publisher\":{\"@id\":\"https:\\\/\\\/www-vial.wp2.hcweb.dev\\\/#organization\"},\"potentialAction\":[{\"@type\":\"SearchAction\",\"target\":{\"@type\":\"EntryPoint\",\"urlTemplate\":\"https:\\\/\\\/www-vial.wp2.hcweb.dev\\\/?s={search_term_string}\"},\"query-input\":{\"@type\":\"PropertyValueSpecification\",\"valueRequired\":true,\"valueName\":\"search_term_string\"}}],\"inLanguage\":\"en-GB\"},{\"@type\":\"Organization\",\"@id\":\"https:\\\/\\\/www-vial.wp2.hcweb.dev\\\/#organization\",\"name\":\"Vial AS\",\"alternateName\":\"Vial\",\"url\":\"https:\\\/\\\/www-vial.wp2.hcweb.dev\\\/\",\"logo\":{\"@type\":\"ImageObject\",\"inLanguage\":\"en-GB\",\"@id\":\"https:\\\/\\\/www-vial.wp2.hcweb.dev\\\/#\\\/schema\\\/logo\\\/image\\\/\",\"url\":\"https:\\\/\\\/www-vial.wp2.hcweb.dev\\\/wp-content\\\/uploads\\\/2024\\\/01\\\/vial-logo-roed.svg\",\"contentUrl\":\"https:\\\/\\\/www-vial.wp2.hcweb.dev\\\/wp-content\\\/uploads\\\/2024\\\/01\\\/vial-logo-roed.svg\",\"width\":142,\"height\":77,\"caption\":\"Vial AS\"},\"image\":{\"@id\":\"https:\\\/\\\/www-vial.wp2.hcweb.dev\\\/#\\\/schema\\\/logo\\\/image\\\/\"},\"sameAs\":[\"https:\\\/\\\/www.facebook.com\\\/vialvial\\\/\"]}]}<\/script>\n<!-- \/ Yoast SEO plugin. -->","yoast_head_json":{"title":"Water and sewerage - Vial","robots":{"index":"noindex","follow":"follow","max-snippet":"max-snippet:-1","max-image-preview":"max-image-preview:large","max-video-preview":"max-video-preview:-1"},"og_locale":"en_GB","og_type":"article","og_title":"Vann og avl\u00f8p - Vial","og_description":"Hjem \u00bb Tjenester \u00bb Vann og avl\u00f8p Prosjekt og prosjekteringsledelse for kommunalteknikk ved utarbeidelse av reguleringsplaner og tekniske planer for vann og avl\u00f8psanlegg. V\u00e5rt fokus er p\u00e5 gode tekniske l\u00f8sninger, byggbarhet og effektivitet ved bruk av nyeste teknologi, og effektiv prosjekteringsmetodikk (VDC) for god samhandling og fremdrift. Utarbeidelse av: Tekniske planer for vann og avl\u00f8p,&hellip;","og_url":"https:\/\/www-vial.wp2.hcweb.dev\/en\/favours\/water-and-sewage\/","og_site_name":"Vial","article_publisher":"https:\/\/www.facebook.com\/vialvial\/","article_modified_time":"2024-03-09T20:32:00+00:00","og_image":[{"url":"https:\/\/www-vial.wp2.hcweb.dev\/wp-content\/uploads\/2024\/02\/1067_Tekniske-planer-Nesbuvegen.jpg","type":"","width":"","height":""}],"twitter_card":"summary_large_image","schema":{"@context":"https:\/\/schema.org","@graph":[{"@type":"WebPage","@id":"https:\/\/www-vial.wp2.hcweb.dev\/tjenester\/vann-og-avlop\/","url":"https:\/\/www-vial.wp2.hcweb.dev\/tjenester\/vann-og-avlop\/","name":"Water and sewerage - Vial","isPartOf":{"@id":"https:\/\/www-vial.wp2.hcweb.dev\/#website"},"primaryImageOfPage":{"@id":"https:\/\/www-vial.wp2.hcweb.dev\/tjenester\/vann-og-avlop\/#primaryimage"},"image":{"@id":"https:\/\/www-vial.wp2.hcweb.dev\/tjenester\/vann-og-avlop\/#primaryimage"},"thumbnailUrl":"https:\/\/www-vial.wp2.hcweb.dev\/wp-content\/uploads\/2024\/02\/1067_Tekniske-planer-Nesbuvegen.jpg","datePublished":"2024-01-12T13:33:48+00:00","dateModified":"2024-03-09T20:32:00+00:00","breadcrumb":{"@id":"https:\/\/www-vial.wp2.hcweb.dev\/tjenester\/vann-og-avlop\/#breadcrumb"},"inLanguage":"en-GB","potentialAction":[{"@type":"ReadAction","target":["https:\/\/www-vial.wp2.hcweb.dev\/tjenester\/vann-og-avlop\/"]}]},{"@type":"ImageObject","inLanguage":"en-GB","@id":"https:\/\/www-vial.wp2.hcweb.dev\/tjenester\/vann-og-avlop\/#primaryimage","url":"https:\/\/www-vial.wp2.hcweb.dev\/wp-content\/uploads\/2024\/02\/1067_Tekniske-planer-Nesbuvegen.jpg","contentUrl":"https:\/\/www-vial.wp2.hcweb.dev\/wp-content\/uploads\/2024\/02\/1067_Tekniske-planer-Nesbuvegen.jpg"},{"@type":"BreadcrumbList","@id":"https:\/\/www-vial.wp2.hcweb.dev\/tjenester\/vann-og-avlop\/#breadcrumb","itemListElement":[{"@type":"ListItem","position":1,"name":"Hjem","item":"https:\/\/www-vial.wp2.hcweb.dev\/"},{"@type":"ListItem","position":2,"name":"Tjenester","item":"https:\/\/www-vial.wp2.hcweb.dev\/tjenester\/"},{"@type":"ListItem","position":3,"name":"Vann og avl\u00f8p"}]},{"@type":"WebSite","@id":"https:\/\/www-vial.wp2.hcweb.dev\/#website","url":"https:\/\/www-vial.wp2.hcweb.dev\/","name":"Vial","description":"Planning of infrastructure and building technology","publisher":{"@id":"https:\/\/www-vial.wp2.hcweb.dev\/#organization"},"potentialAction":[{"@type":"SearchAction","target":{"@type":"EntryPoint","urlTemplate":"https:\/\/www-vial.wp2.hcweb.dev\/?s={search_term_string}"},"query-input":{"@type":"PropertyValueSpecification","valueRequired":true,"valueName":"search_term_string"}}],"inLanguage":"en-GB"},{"@type":"Organization","@id":"https:\/\/www-vial.wp2.hcweb.dev\/#organization","name":"Vial AS","alternateName":"Vial","url":"https:\/\/www-vial.wp2.hcweb.dev\/","logo":{"@type":"ImageObject","inLanguage":"en-GB","@id":"https:\/\/www-vial.wp2.hcweb.dev\/#\/schema\/logo\/image\/","url":"https:\/\/www-vial.wp2.hcweb.dev\/wp-content\/uploads\/2024\/01\/vial-logo-roed.svg","contentUrl":"https:\/\/www-vial.wp2.hcweb.dev\/wp-content\/uploads\/2024\/01\/vial-logo-roed.svg","width":142,"height":77,"caption":"Vial AS"},"image":{"@id":"https:\/\/www-vial.wp2.hcweb.dev\/#\/schema\/logo\/image\/"},"sameAs":["https:\/\/www.facebook.com\/vialvial\/"]}]}},"_links":{"self":[{"href":"https:\/\/www-vial.wp2.hcweb.dev\/en\/wp-json\/wp\/v2\/pages\/1246","targetHints":{"allow":["GET"]}}],"collection":[{"href":"https:\/\/www-vial.wp2.hcweb.dev\/en\/wp-json\/wp\/v2\/pages"}],"about":[{"href":"https:\/\/www-vial.wp2.hcweb.dev\/en\/wp-json\/wp\/v2\/types\/page"}],"author":[{"embeddable":true,"href":"https:\/\/www-vial.wp2.hcweb.dev\/en\/wp-json\/wp\/v2\/users\/1"}],"replies":[{"embeddable":true,"href":"https:\/\/www-vial.wp2.hcweb.dev\/en\/wp-json\/wp\/v2\/comments?post=1246"}],"version-history":[{"count":11,"href":"https:\/\/www-vial.wp2.hcweb.dev\/en\/wp-json\/wp\/v2\/pages\/1246\/revisions"}],"predecessor-version":[{"id":1826,"href":"https:\/\/www-vial.wp2.hcweb.dev\/en\/wp-json\/wp\/v2\/pages\/1246\/revisions\/1826"}],"up":[{"embeddable":true,"href":"https:\/\/www-vial.wp2.hcweb.dev\/en\/wp-json\/wp\/v2\/pages\/9"}],"wp:attachment":[{"href":"https:\/\/www-vial.wp2.hcweb.dev\/en\/wp-json\/wp\/v2\/media?parent=1246"}],"curies":[{"name":"wp","href":"https:\/\/api.w.org\/{rel}","templated":true}]}}