{"id":1029,"date":"2022-03-16T13:48:27","date_gmt":"2022-03-16T12:48:27","guid":{"rendered":"https:\/\/www-vial.wp2.hcweb.dev\/?page_id=1029"},"modified":"2025-10-10T10:33:23","modified_gmt":"2025-10-10T08:33:23","slug":"area-plan","status":"publish","type":"page","link":"https:\/\/www-vial.wp2.hcweb.dev\/en\/tjenester\/arealplan\/","title":{"rendered":"Zoning plan"},"content":{"rendered":"<nav id=\"breadcrumbs\" aria-label=\"Breadcrumbs\"><a href=\"https:\/\/www-vial.wp2.hcweb.dev\/en\/\">Home<\/a> \" <a href=\"https:\/\/www-vial.wp2.hcweb.dev\/en\/favours\/\">Services<\/a> \" Area plan<\/nav>\n\t<p>We offer services within land use planning and mapping of areas in the early phase and preparation of preliminary projects. Management of land use planning processes according to the best VDC method and follow-up of planning processes until the public plan is adopted.<\/p>\n\t\t\t<a href=\"https:\/\/www-vial.wp2.hcweb.dev\/en\/announcements\/\" target=\"_self\">\n\t\t\t\t\t\tAnnouncements\n\t\t\t\t\t<\/a>\n\t\t\t\t<img decoding=\"async\" src=\"https:\/\/www-vial.wp2.hcweb.dev\/wp-content\/uploads\/2024\/02\/arealplan.jpg\" alt=\"area plan\" itemprop=\"image\" height=\"614\" width=\"851\" title=\"area plan\" onerror=\"this.style.display='none'\" loading=\"lazy\" \/>\n\t<h2>We prepare:<\/h2>\n<ul>\n<li>Detailed plans with plan map, provisions and plan description<\/li>\n<li>Neighbourhood plans<\/li>\n<li>Planning programme and impact assessment<\/li>\n<li>Specialist reports such as traffic analyses, mobility plans, water and sewage framework plans, ROS analyses, etc.<\/li>\n<li>Feasibility studies with illustration plans<\/li>\n<li>Interaction models in BIM<\/li>\n<li>Film, presentation and 3D illustrations<\/li>\n<\/ul>\n\t\t\t\t<img decoding=\"async\" src=\"https:\/\/www-vial.wp2.hcweb.dev\/wp-content\/uploads\/2025\/05\/Reguleringsplan-Bjerkreim_Bilde2.jpg\" alt=\"Zoning plan Bjerkreim_image2\" itemprop=\"image\" height=\"1246\" width=\"1753\" title=\"Zoning plan Bjerkreim_image2\" onerror=\"this.style.display='none'\" loading=\"lazy\" \/>\n\t\t\t\t<img decoding=\"async\" src=\"https:\/\/www-vial.wp2.hcweb.dev\/wp-content\/uploads\/2024\/02\/North-Sea-Energy-Park_Bjerkreim_Kons-sok-vann_16-1024x576.jpg\" alt=\"North-Sea-Energy-Park_Bjerkreim_Kons-search-water_16\" itemprop=\"image\" height=\"576\" width=\"1024\" title=\"North-Sea-Energy-Park_Bjerkreim_Kons-search-water_16\" onerror=\"this.style.display='none'\" loading=\"lazy\" \/>","protected":false},"excerpt":{"rendered":"<p>Home \" Services \" Land use planning We offer services within land use planning and mapping of areas in the early phase and preparation of preliminary projects. Management of land use planning processes according to the best VDC method and follow-up of planning processes up to the adopted public plan. Announcements we prepare: Detailed plans with plan maps, provisions and plan descriptions Area plans Planning programmes and impact assessments Technical reports such as traffic analyses, mobility plans,...<\/p>","protected":false},"author":5,"featured_media":0,"parent":9,"menu_order":0,"comment_status":"closed","ping_status":"closed","template":"","meta":{"_acf_changed":false,"inline_featured_image":false,"footnotes":""},"class_list":["post-1029","page","type-page","status-publish","hentry"],"acf":[],"yoast_head":"<!-- This site is optimized with the Yoast SEO plugin v27.3 - https:\/\/yoast.com\/product\/yoast-seo-wordpress\/ -->\n<title>Arealplan - Vial<\/title>\n<meta name=\"robots\" content=\"noindex, follow, max-snippet:-1, max-image-preview:large, max-video-preview:-1\" \/>\n<meta property=\"og:locale\" content=\"en_GB\" \/>\n<meta property=\"og:type\" content=\"article\" \/>\n<meta property=\"og:title\" content=\"Arealplan - Vial\" \/>\n<meta property=\"og:description\" content=\"Hjem \u00bb Tjenester \u00bb Arealplan Vi tilbyr tjenester innenfor arealplan og kartlegging av omr\u00e5de tidligfase og utarbeidelse av forprosjekt. Styring av arealplanprosesser etter beste VDC metode og oppf\u00f8lging av planprosesser frem til vedtatt offentlig plan. Kunngj\u00f8ringer Vi utarbeider: Detaljplaner med plankart, bestemmelser og planbeskrivelse Omr\u00e5deplaner Planprogram og konsekvensutredning Fag rapporter som trafikkanalyser, mobilitetsplaner, VA rammeplaner,&hellip;\" \/>\n<meta property=\"og:url\" content=\"https:\/\/www-vial.wp2.hcweb.dev\/en\/favours\/area-plan\/\" \/>\n<meta property=\"og:site_name\" content=\"Vial\" \/>\n<meta property=\"article:publisher\" content=\"https:\/\/www.facebook.com\/vialvial\/\" \/>\n<meta property=\"article:modified_time\" content=\"2025-10-10T08:33:23+00:00\" \/>\n<meta property=\"og:image\" content=\"https:\/\/www-vial.wp2.hcweb.dev\/wp-content\/uploads\/2024\/02\/arealplan.jpg\" \/>\n<meta name=\"twitter:card\" content=\"summary_large_image\" \/>\n<meta name=\"twitter:label1\" content=\"Estimated reading time\" \/>\n\t<meta name=\"twitter:data1\" content=\"1 minute\" \/>\n<script type=\"application\/ld+json\" class=\"yoast-schema-graph\">{\"@context\":\"https:\\\/\\\/schema.org\",\"@graph\":[{\"@type\":\"WebPage\",\"@id\":\"https:\\\/\\\/www-vial.wp2.hcweb.dev\\\/tjenester\\\/arealplan\\\/\",\"url\":\"https:\\\/\\\/www-vial.wp2.hcweb.dev\\\/tjenester\\\/arealplan\\\/\",\"name\":\"Arealplan - Vial\",\"isPartOf\":{\"@id\":\"https:\\\/\\\/www-vial.wp2.hcweb.dev\\\/#website\"},\"primaryImageOfPage\":{\"@id\":\"https:\\\/\\\/www-vial.wp2.hcweb.dev\\\/tjenester\\\/arealplan\\\/#primaryimage\"},\"image\":{\"@id\":\"https:\\\/\\\/www-vial.wp2.hcweb.dev\\\/tjenester\\\/arealplan\\\/#primaryimage\"},\"thumbnailUrl\":\"https:\\\/\\\/www-vial.wp2.hcweb.dev\\\/wp-content\\\/uploads\\\/2024\\\/02\\\/arealplan.jpg\",\"datePublished\":\"2022-03-16T12:48:27+00:00\",\"dateModified\":\"2025-10-10T08:33:23+00:00\",\"breadcrumb\":{\"@id\":\"https:\\\/\\\/www-vial.wp2.hcweb.dev\\\/tjenester\\\/arealplan\\\/#breadcrumb\"},\"inLanguage\":\"en-GB\",\"potentialAction\":[{\"@type\":\"ReadAction\",\"target\":[\"https:\\\/\\\/www-vial.wp2.hcweb.dev\\\/tjenester\\\/arealplan\\\/\"]}]},{\"@type\":\"ImageObject\",\"inLanguage\":\"en-GB\",\"@id\":\"https:\\\/\\\/www-vial.wp2.hcweb.dev\\\/tjenester\\\/arealplan\\\/#primaryimage\",\"url\":\"https:\\\/\\\/www-vial.wp2.hcweb.dev\\\/wp-content\\\/uploads\\\/2024\\\/02\\\/arealplan.jpg\",\"contentUrl\":\"https:\\\/\\\/www-vial.wp2.hcweb.dev\\\/wp-content\\\/uploads\\\/2024\\\/02\\\/arealplan.jpg\"},{\"@type\":\"BreadcrumbList\",\"@id\":\"https:\\\/\\\/www-vial.wp2.hcweb.dev\\\/tjenester\\\/arealplan\\\/#breadcrumb\",\"itemListElement\":[{\"@type\":\"ListItem\",\"position\":1,\"name\":\"Hjem\",\"item\":\"https:\\\/\\\/www-vial.wp2.hcweb.dev\\\/\"},{\"@type\":\"ListItem\",\"position\":2,\"name\":\"Tjenester\",\"item\":\"https:\\\/\\\/www-vial.wp2.hcweb.dev\\\/tjenester\\\/\"},{\"@type\":\"ListItem\",\"position\":3,\"name\":\"Arealplan\"}]},{\"@type\":\"WebSite\",\"@id\":\"https:\\\/\\\/www-vial.wp2.hcweb.dev\\\/#website\",\"url\":\"https:\\\/\\\/www-vial.wp2.hcweb.dev\\\/\",\"name\":\"Vial\",\"description\":\"Planlegging av infrastruktur og byggeteknikk\",\"publisher\":{\"@id\":\"https:\\\/\\\/www-vial.wp2.hcweb.dev\\\/#organization\"},\"potentialAction\":[{\"@type\":\"SearchAction\",\"target\":{\"@type\":\"EntryPoint\",\"urlTemplate\":\"https:\\\/\\\/www-vial.wp2.hcweb.dev\\\/?s={search_term_string}\"},\"query-input\":{\"@type\":\"PropertyValueSpecification\",\"valueRequired\":true,\"valueName\":\"search_term_string\"}}],\"inLanguage\":\"en-GB\"},{\"@type\":\"Organization\",\"@id\":\"https:\\\/\\\/www-vial.wp2.hcweb.dev\\\/#organization\",\"name\":\"Vial AS\",\"alternateName\":\"Vial\",\"url\":\"https:\\\/\\\/www-vial.wp2.hcweb.dev\\\/\",\"logo\":{\"@type\":\"ImageObject\",\"inLanguage\":\"en-GB\",\"@id\":\"https:\\\/\\\/www-vial.wp2.hcweb.dev\\\/#\\\/schema\\\/logo\\\/image\\\/\",\"url\":\"https:\\\/\\\/www-vial.wp2.hcweb.dev\\\/wp-content\\\/uploads\\\/2024\\\/01\\\/vial-logo-roed.svg\",\"contentUrl\":\"https:\\\/\\\/www-vial.wp2.hcweb.dev\\\/wp-content\\\/uploads\\\/2024\\\/01\\\/vial-logo-roed.svg\",\"width\":142,\"height\":77,\"caption\":\"Vial AS\"},\"image\":{\"@id\":\"https:\\\/\\\/www-vial.wp2.hcweb.dev\\\/#\\\/schema\\\/logo\\\/image\\\/\"},\"sameAs\":[\"https:\\\/\\\/www.facebook.com\\\/vialvial\\\/\"]}]}<\/script>\n<!-- \/ Yoast SEO plugin. -->","yoast_head_json":{"title":"Area plan - Vial","robots":{"index":"noindex","follow":"follow","max-snippet":"max-snippet:-1","max-image-preview":"max-image-preview:large","max-video-preview":"max-video-preview:-1"},"og_locale":"en_GB","og_type":"article","og_title":"Arealplan - Vial","og_description":"Hjem \u00bb Tjenester \u00bb Arealplan Vi tilbyr tjenester innenfor arealplan og kartlegging av omr\u00e5de tidligfase og utarbeidelse av forprosjekt. Styring av arealplanprosesser etter beste VDC metode og oppf\u00f8lging av planprosesser frem til vedtatt offentlig plan. Kunngj\u00f8ringer Vi utarbeider: Detaljplaner med plankart, bestemmelser og planbeskrivelse Omr\u00e5deplaner Planprogram og konsekvensutredning Fag rapporter som trafikkanalyser, mobilitetsplaner, VA rammeplaner,&hellip;","og_url":"https:\/\/www-vial.wp2.hcweb.dev\/en\/favours\/area-plan\/","og_site_name":"Vial","article_publisher":"https:\/\/www.facebook.com\/vialvial\/","article_modified_time":"2025-10-10T08:33:23+00:00","og_image":[{"url":"https:\/\/www-vial.wp2.hcweb.dev\/wp-content\/uploads\/2024\/02\/arealplan.jpg","type":"","width":"","height":""}],"twitter_card":"summary_large_image","twitter_misc":{"Estimated reading time":"1 minute"},"schema":{"@context":"https:\/\/schema.org","@graph":[{"@type":"WebPage","@id":"https:\/\/www-vial.wp2.hcweb.dev\/tjenester\/arealplan\/","url":"https:\/\/www-vial.wp2.hcweb.dev\/tjenester\/arealplan\/","name":"Area plan - Vial","isPartOf":{"@id":"https:\/\/www-vial.wp2.hcweb.dev\/#website"},"primaryImageOfPage":{"@id":"https:\/\/www-vial.wp2.hcweb.dev\/tjenester\/arealplan\/#primaryimage"},"image":{"@id":"https:\/\/www-vial.wp2.hcweb.dev\/tjenester\/arealplan\/#primaryimage"},"thumbnailUrl":"https:\/\/www-vial.wp2.hcweb.dev\/wp-content\/uploads\/2024\/02\/arealplan.jpg","datePublished":"2022-03-16T12:48:27+00:00","dateModified":"2025-10-10T08:33:23+00:00","breadcrumb":{"@id":"https:\/\/www-vial.wp2.hcweb.dev\/tjenester\/arealplan\/#breadcrumb"},"inLanguage":"en-GB","potentialAction":[{"@type":"ReadAction","target":["https:\/\/www-vial.wp2.hcweb.dev\/tjenester\/arealplan\/"]}]},{"@type":"ImageObject","inLanguage":"en-GB","@id":"https:\/\/www-vial.wp2.hcweb.dev\/tjenester\/arealplan\/#primaryimage","url":"https:\/\/www-vial.wp2.hcweb.dev\/wp-content\/uploads\/2024\/02\/arealplan.jpg","contentUrl":"https:\/\/www-vial.wp2.hcweb.dev\/wp-content\/uploads\/2024\/02\/arealplan.jpg"},{"@type":"BreadcrumbList","@id":"https:\/\/www-vial.wp2.hcweb.dev\/tjenester\/arealplan\/#breadcrumb","itemListElement":[{"@type":"ListItem","position":1,"name":"Hjem","item":"https:\/\/www-vial.wp2.hcweb.dev\/"},{"@type":"ListItem","position":2,"name":"Tjenester","item":"https:\/\/www-vial.wp2.hcweb.dev\/tjenester\/"},{"@type":"ListItem","position":3,"name":"Arealplan"}]},{"@type":"WebSite","@id":"https:\/\/www-vial.wp2.hcweb.dev\/#website","url":"https:\/\/www-vial.wp2.hcweb.dev\/","name":"Vial","description":"Planning of infrastructure and building technology","publisher":{"@id":"https:\/\/www-vial.wp2.hcweb.dev\/#organization"},"potentialAction":[{"@type":"SearchAction","target":{"@type":"EntryPoint","urlTemplate":"https:\/\/www-vial.wp2.hcweb.dev\/?s={search_term_string}"},"query-input":{"@type":"PropertyValueSpecification","valueRequired":true,"valueName":"search_term_string"}}],"inLanguage":"en-GB"},{"@type":"Organization","@id":"https:\/\/www-vial.wp2.hcweb.dev\/#organization","name":"Vial AS","alternateName":"Vial","url":"https:\/\/www-vial.wp2.hcweb.dev\/","logo":{"@type":"ImageObject","inLanguage":"en-GB","@id":"https:\/\/www-vial.wp2.hcweb.dev\/#\/schema\/logo\/image\/","url":"https:\/\/www-vial.wp2.hcweb.dev\/wp-content\/uploads\/2024\/01\/vial-logo-roed.svg","contentUrl":"https:\/\/www-vial.wp2.hcweb.dev\/wp-content\/uploads\/2024\/01\/vial-logo-roed.svg","width":142,"height":77,"caption":"Vial AS"},"image":{"@id":"https:\/\/www-vial.wp2.hcweb.dev\/#\/schema\/logo\/image\/"},"sameAs":["https:\/\/www.facebook.com\/vialvial\/"]}]}},"_links":{"self":[{"href":"https:\/\/www-vial.wp2.hcweb.dev\/en\/wp-json\/wp\/v2\/pages\/1029","targetHints":{"allow":["GET"]}}],"collection":[{"href":"https:\/\/www-vial.wp2.hcweb.dev\/en\/wp-json\/wp\/v2\/pages"}],"about":[{"href":"https:\/\/www-vial.wp2.hcweb.dev\/en\/wp-json\/wp\/v2\/types\/page"}],"author":[{"embeddable":true,"href":"https:\/\/www-vial.wp2.hcweb.dev\/en\/wp-json\/wp\/v2\/users\/5"}],"replies":[{"embeddable":true,"href":"https:\/\/www-vial.wp2.hcweb.dev\/en\/wp-json\/wp\/v2\/comments?post=1029"}],"version-history":[{"count":13,"href":"https:\/\/www-vial.wp2.hcweb.dev\/en\/wp-json\/wp\/v2\/pages\/1029\/revisions"}],"predecessor-version":[{"id":1966,"href":"https:\/\/www-vial.wp2.hcweb.dev\/en\/wp-json\/wp\/v2\/pages\/1029\/revisions\/1966"}],"up":[{"embeddable":true,"href":"https:\/\/www-vial.wp2.hcweb.dev\/en\/wp-json\/wp\/v2\/pages\/9"}],"wp:attachment":[{"href":"https:\/\/www-vial.wp2.hcweb.dev\/en\/wp-json\/wp\/v2\/media?parent=1029"}],"curies":[{"name":"wp","href":"https:\/\/api.w.org\/{rel}","templated":true}]}}