{"id":1025,"date":"2022-03-16T13:45:29","date_gmt":"2022-03-16T12:45:29","guid":{"rendered":"https:\/\/www-vial.wp2.hcweb.dev\/?page_id=1025"},"modified":"2024-03-06T13:59:16","modified_gmt":"2024-03-06T12:59:16","slug":"building-technology","status":"publish","type":"page","link":"https:\/\/www-vial.wp2.hcweb.dev\/en\/tjenester\/byggeteknikk\/","title":{"rendered":"Construction Engineering"},"content":{"rendered":"<nav id=\"breadcrumbs\" aria-label=\"Breadcrumbs\"><a href=\"https:\/\/www-vial.wp2.hcweb.dev\/en\/\">Home<\/a> \" <a href=\"https:\/\/www-vial.wp2.hcweb.dev\/en\/favours\/\">Services<\/a> \" Building technology<\/nav>\n\t<p>Vial AS has many years of experience in construction engineering, both for private and public sector clients. We deliver everything from smaller structures to larger comprehensive projects. We provide interdisciplinary services within structural safety and building physics.<\/p>\n\t\t\t\t<img loading=\"lazy\" decoding=\"async\" src=\"https:\/\/www-vial.wp2.hcweb.dev\/wp-content\/uploads\/2024\/03\/Kjerrberget-skole_Sola-1024x947.jpg\" alt=\"Kjerrberget-skole_Sola\" itemprop=\"image\" height=\"947\" width=\"1024\" title=\"Kjerrberget-skole_Sola\" onerror=\"this.style.display='none'\"  \/>\n\t<h2>Preparation of:<\/h2>\n<ul>\n<li>Expertise in steel, wood and concrete design<\/li>\n<li>Buildings: Office buildings, warehouses, residential, blocks, schools, etc.<\/li>\n<li>Civil engineering structures, retaining walls, culverts, bridges and quay structures<\/li>\n<li>Design of building physics, energy calculations, energy labelling and daylight simulation<\/li>\n<\/ul>\n\t\t\t\t<img loading=\"lazy\" decoding=\"async\" src=\"https:\/\/www-vial.wp2.hcweb.dev\/wp-content\/uploads\/2024\/02\/Fv541-Bomlo_brokonstruksjon.png\" alt=\"Fv541 B\u00f8mlo_bridge construction\" itemprop=\"image\" height=\"720\" width=\"1437\" title=\"Fv541 B\u00f8mlo_bridge construction\" onerror=\"this.style.display='none'\"  \/>","protected":false},"excerpt":{"rendered":"<p>Home \" Services \" Building technology Vial AS has many years of experience in building technology, both for private and public clients. We deliver everything from small structures to large comprehensive projects. We provide interdisciplinary services in structural safety and building physics. Preparation of: Expertise in the design of steel, wood and concrete Buildings: Office buildings, warehouses, housing, blocks, schools, etc. Civil engineering structures,...<\/p>","protected":false},"author":5,"featured_media":0,"parent":9,"menu_order":0,"comment_status":"closed","ping_status":"closed","template":"","meta":{"_acf_changed":false,"inline_featured_image":false,"footnotes":""},"class_list":["post-1025","page","type-page","status-publish","hentry"],"acf":[],"yoast_head":"<!-- This site is optimized with the Yoast SEO plugin v27.3 - https:\/\/yoast.com\/product\/yoast-seo-wordpress\/ -->\n<title>Byggeteknikk - Vial<\/title>\n<meta name=\"robots\" content=\"noindex, follow, max-snippet:-1, max-image-preview:large, max-video-preview:-1\" \/>\n<meta property=\"og:locale\" content=\"en_GB\" \/>\n<meta property=\"og:type\" content=\"article\" \/>\n<meta property=\"og:title\" content=\"Byggeteknikk - Vial\" \/>\n<meta property=\"og:description\" content=\"Hjem \u00bb Tjenester \u00bb Byggeteknikk Vial AS har mange \u00e5rs erfaring innen byggeteknikk, b\u00e5de for private og offentlige byggherrer. Vi leverer alt fra mindre konstruksjoner til st\u00f8rre omfattende prosjekter. Vi leverer tverrfaglige tjenester innen konstruksjonssikkerhet og bygningsfysikk. Utarbeidelse av: Kompetanse innen prosjektering av st\u00e5l, tre og betong Bygg: Kontorbygg, lager, bolig, blokk, skoler osv. Anleggskonstruksjoner,&hellip;\" \/>\n<meta property=\"og:url\" content=\"https:\/\/www-vial.wp2.hcweb.dev\/en\/favours\/building-technology\/\" \/>\n<meta property=\"og:site_name\" content=\"Vial\" \/>\n<meta property=\"article:publisher\" content=\"https:\/\/www.facebook.com\/vialvial\/\" \/>\n<meta property=\"article:modified_time\" content=\"2024-03-06T12:59:16+00:00\" \/>\n<meta property=\"og:image\" content=\"https:\/\/www-vial.wp2.hcweb.dev\/wp-content\/uploads\/2024\/03\/Kjerrberget-skole_Sola-1024x947.jpg\" \/>\n<meta name=\"twitter:card\" content=\"summary_large_image\" \/>\n<script type=\"application\/ld+json\" class=\"yoast-schema-graph\">{\"@context\":\"https:\\\/\\\/schema.org\",\"@graph\":[{\"@type\":\"WebPage\",\"@id\":\"https:\\\/\\\/www-vial.wp2.hcweb.dev\\\/tjenester\\\/byggeteknikk\\\/\",\"url\":\"https:\\\/\\\/www-vial.wp2.hcweb.dev\\\/tjenester\\\/byggeteknikk\\\/\",\"name\":\"Byggeteknikk - Vial\",\"isPartOf\":{\"@id\":\"https:\\\/\\\/www-vial.wp2.hcweb.dev\\\/#website\"},\"primaryImageOfPage\":{\"@id\":\"https:\\\/\\\/www-vial.wp2.hcweb.dev\\\/tjenester\\\/byggeteknikk\\\/#primaryimage\"},\"image\":{\"@id\":\"https:\\\/\\\/www-vial.wp2.hcweb.dev\\\/tjenester\\\/byggeteknikk\\\/#primaryimage\"},\"thumbnailUrl\":\"https:\\\/\\\/www-vial.wp2.hcweb.dev\\\/wp-content\\\/uploads\\\/2024\\\/03\\\/Kjerrberget-skole_Sola-1024x947.jpg\",\"datePublished\":\"2022-03-16T12:45:29+00:00\",\"dateModified\":\"2024-03-06T12:59:16+00:00\",\"breadcrumb\":{\"@id\":\"https:\\\/\\\/www-vial.wp2.hcweb.dev\\\/tjenester\\\/byggeteknikk\\\/#breadcrumb\"},\"inLanguage\":\"en-GB\",\"potentialAction\":[{\"@type\":\"ReadAction\",\"target\":[\"https:\\\/\\\/www-vial.wp2.hcweb.dev\\\/tjenester\\\/byggeteknikk\\\/\"]}]},{\"@type\":\"ImageObject\",\"inLanguage\":\"en-GB\",\"@id\":\"https:\\\/\\\/www-vial.wp2.hcweb.dev\\\/tjenester\\\/byggeteknikk\\\/#primaryimage\",\"url\":\"https:\\\/\\\/www-vial.wp2.hcweb.dev\\\/wp-content\\\/uploads\\\/2024\\\/03\\\/Kjerrberget-skole_Sola-1024x947.jpg\",\"contentUrl\":\"https:\\\/\\\/www-vial.wp2.hcweb.dev\\\/wp-content\\\/uploads\\\/2024\\\/03\\\/Kjerrberget-skole_Sola-1024x947.jpg\"},{\"@type\":\"BreadcrumbList\",\"@id\":\"https:\\\/\\\/www-vial.wp2.hcweb.dev\\\/tjenester\\\/byggeteknikk\\\/#breadcrumb\",\"itemListElement\":[{\"@type\":\"ListItem\",\"position\":1,\"name\":\"Hjem\",\"item\":\"https:\\\/\\\/www-vial.wp2.hcweb.dev\\\/\"},{\"@type\":\"ListItem\",\"position\":2,\"name\":\"Tjenester\",\"item\":\"https:\\\/\\\/www-vial.wp2.hcweb.dev\\\/tjenester\\\/\"},{\"@type\":\"ListItem\",\"position\":3,\"name\":\"Byggeteknikk\"}]},{\"@type\":\"WebSite\",\"@id\":\"https:\\\/\\\/www-vial.wp2.hcweb.dev\\\/#website\",\"url\":\"https:\\\/\\\/www-vial.wp2.hcweb.dev\\\/\",\"name\":\"Vial\",\"description\":\"Planlegging av infrastruktur og byggeteknikk\",\"publisher\":{\"@id\":\"https:\\\/\\\/www-vial.wp2.hcweb.dev\\\/#organization\"},\"potentialAction\":[{\"@type\":\"SearchAction\",\"target\":{\"@type\":\"EntryPoint\",\"urlTemplate\":\"https:\\\/\\\/www-vial.wp2.hcweb.dev\\\/?s={search_term_string}\"},\"query-input\":{\"@type\":\"PropertyValueSpecification\",\"valueRequired\":true,\"valueName\":\"search_term_string\"}}],\"inLanguage\":\"en-GB\"},{\"@type\":\"Organization\",\"@id\":\"https:\\\/\\\/www-vial.wp2.hcweb.dev\\\/#organization\",\"name\":\"Vial AS\",\"alternateName\":\"Vial\",\"url\":\"https:\\\/\\\/www-vial.wp2.hcweb.dev\\\/\",\"logo\":{\"@type\":\"ImageObject\",\"inLanguage\":\"en-GB\",\"@id\":\"https:\\\/\\\/www-vial.wp2.hcweb.dev\\\/#\\\/schema\\\/logo\\\/image\\\/\",\"url\":\"https:\\\/\\\/www-vial.wp2.hcweb.dev\\\/wp-content\\\/uploads\\\/2024\\\/01\\\/vial-logo-roed.svg\",\"contentUrl\":\"https:\\\/\\\/www-vial.wp2.hcweb.dev\\\/wp-content\\\/uploads\\\/2024\\\/01\\\/vial-logo-roed.svg\",\"width\":142,\"height\":77,\"caption\":\"Vial AS\"},\"image\":{\"@id\":\"https:\\\/\\\/www-vial.wp2.hcweb.dev\\\/#\\\/schema\\\/logo\\\/image\\\/\"},\"sameAs\":[\"https:\\\/\\\/www.facebook.com\\\/vialvial\\\/\"]}]}<\/script>\n<!-- \/ Yoast SEO plugin. -->","yoast_head_json":{"title":"Building technology - Vial","robots":{"index":"noindex","follow":"follow","max-snippet":"max-snippet:-1","max-image-preview":"max-image-preview:large","max-video-preview":"max-video-preview:-1"},"og_locale":"en_GB","og_type":"article","og_title":"Byggeteknikk - Vial","og_description":"Hjem \u00bb Tjenester \u00bb Byggeteknikk Vial AS har mange \u00e5rs erfaring innen byggeteknikk, b\u00e5de for private og offentlige byggherrer. Vi leverer alt fra mindre konstruksjoner til st\u00f8rre omfattende prosjekter. Vi leverer tverrfaglige tjenester innen konstruksjonssikkerhet og bygningsfysikk. Utarbeidelse av: Kompetanse innen prosjektering av st\u00e5l, tre og betong Bygg: Kontorbygg, lager, bolig, blokk, skoler osv. Anleggskonstruksjoner,&hellip;","og_url":"https:\/\/www-vial.wp2.hcweb.dev\/en\/favours\/building-technology\/","og_site_name":"Vial","article_publisher":"https:\/\/www.facebook.com\/vialvial\/","article_modified_time":"2024-03-06T12:59:16+00:00","og_image":[{"url":"https:\/\/www-vial.wp2.hcweb.dev\/wp-content\/uploads\/2024\/03\/Kjerrberget-skole_Sola-1024x947.jpg","type":"","width":"","height":""}],"twitter_card":"summary_large_image","schema":{"@context":"https:\/\/schema.org","@graph":[{"@type":"WebPage","@id":"https:\/\/www-vial.wp2.hcweb.dev\/tjenester\/byggeteknikk\/","url":"https:\/\/www-vial.wp2.hcweb.dev\/tjenester\/byggeteknikk\/","name":"Building technology - Vial","isPartOf":{"@id":"https:\/\/www-vial.wp2.hcweb.dev\/#website"},"primaryImageOfPage":{"@id":"https:\/\/www-vial.wp2.hcweb.dev\/tjenester\/byggeteknikk\/#primaryimage"},"image":{"@id":"https:\/\/www-vial.wp2.hcweb.dev\/tjenester\/byggeteknikk\/#primaryimage"},"thumbnailUrl":"https:\/\/www-vial.wp2.hcweb.dev\/wp-content\/uploads\/2024\/03\/Kjerrberget-skole_Sola-1024x947.jpg","datePublished":"2022-03-16T12:45:29+00:00","dateModified":"2024-03-06T12:59:16+00:00","breadcrumb":{"@id":"https:\/\/www-vial.wp2.hcweb.dev\/tjenester\/byggeteknikk\/#breadcrumb"},"inLanguage":"en-GB","potentialAction":[{"@type":"ReadAction","target":["https:\/\/www-vial.wp2.hcweb.dev\/tjenester\/byggeteknikk\/"]}]},{"@type":"ImageObject","inLanguage":"en-GB","@id":"https:\/\/www-vial.wp2.hcweb.dev\/tjenester\/byggeteknikk\/#primaryimage","url":"https:\/\/www-vial.wp2.hcweb.dev\/wp-content\/uploads\/2024\/03\/Kjerrberget-skole_Sola-1024x947.jpg","contentUrl":"https:\/\/www-vial.wp2.hcweb.dev\/wp-content\/uploads\/2024\/03\/Kjerrberget-skole_Sola-1024x947.jpg"},{"@type":"BreadcrumbList","@id":"https:\/\/www-vial.wp2.hcweb.dev\/tjenester\/byggeteknikk\/#breadcrumb","itemListElement":[{"@type":"ListItem","position":1,"name":"Hjem","item":"https:\/\/www-vial.wp2.hcweb.dev\/"},{"@type":"ListItem","position":2,"name":"Tjenester","item":"https:\/\/www-vial.wp2.hcweb.dev\/tjenester\/"},{"@type":"ListItem","position":3,"name":"Byggeteknikk"}]},{"@type":"WebSite","@id":"https:\/\/www-vial.wp2.hcweb.dev\/#website","url":"https:\/\/www-vial.wp2.hcweb.dev\/","name":"Vial","description":"Planning of infrastructure and building technology","publisher":{"@id":"https:\/\/www-vial.wp2.hcweb.dev\/#organization"},"potentialAction":[{"@type":"SearchAction","target":{"@type":"EntryPoint","urlTemplate":"https:\/\/www-vial.wp2.hcweb.dev\/?s={search_term_string}"},"query-input":{"@type":"PropertyValueSpecification","valueRequired":true,"valueName":"search_term_string"}}],"inLanguage":"en-GB"},{"@type":"Organization","@id":"https:\/\/www-vial.wp2.hcweb.dev\/#organization","name":"Vial AS","alternateName":"Vial","url":"https:\/\/www-vial.wp2.hcweb.dev\/","logo":{"@type":"ImageObject","inLanguage":"en-GB","@id":"https:\/\/www-vial.wp2.hcweb.dev\/#\/schema\/logo\/image\/","url":"https:\/\/www-vial.wp2.hcweb.dev\/wp-content\/uploads\/2024\/01\/vial-logo-roed.svg","contentUrl":"https:\/\/www-vial.wp2.hcweb.dev\/wp-content\/uploads\/2024\/01\/vial-logo-roed.svg","width":142,"height":77,"caption":"Vial AS"},"image":{"@id":"https:\/\/www-vial.wp2.hcweb.dev\/#\/schema\/logo\/image\/"},"sameAs":["https:\/\/www.facebook.com\/vialvial\/"]}]}},"_links":{"self":[{"href":"https:\/\/www-vial.wp2.hcweb.dev\/en\/wp-json\/wp\/v2\/pages\/1025","targetHints":{"allow":["GET"]}}],"collection":[{"href":"https:\/\/www-vial.wp2.hcweb.dev\/en\/wp-json\/wp\/v2\/pages"}],"about":[{"href":"https:\/\/www-vial.wp2.hcweb.dev\/en\/wp-json\/wp\/v2\/types\/page"}],"author":[{"embeddable":true,"href":"https:\/\/www-vial.wp2.hcweb.dev\/en\/wp-json\/wp\/v2\/users\/5"}],"replies":[{"embeddable":true,"href":"https:\/\/www-vial.wp2.hcweb.dev\/en\/wp-json\/wp\/v2\/comments?post=1025"}],"version-history":[{"count":16,"href":"https:\/\/www-vial.wp2.hcweb.dev\/en\/wp-json\/wp\/v2\/pages\/1025\/revisions"}],"predecessor-version":[{"id":1818,"href":"https:\/\/www-vial.wp2.hcweb.dev\/en\/wp-json\/wp\/v2\/pages\/1025\/revisions\/1818"}],"up":[{"embeddable":true,"href":"https:\/\/www-vial.wp2.hcweb.dev\/en\/wp-json\/wp\/v2\/pages\/9"}],"wp:attachment":[{"href":"https:\/\/www-vial.wp2.hcweb.dev\/en\/wp-json\/wp\/v2\/media?parent=1025"}],"curies":[{"name":"wp","href":"https:\/\/api.w.org\/{rel}","templated":true}]}}